{"id":11054,"date":"2021-12-01T15:20:09","date_gmt":"2021-12-01T20:20:09","guid":{"rendered":"https:\/\/medialab.unmsm.edu.pe\/chiqaqnews\/?page_id=11054"},"modified":"2021-12-03T14:05:32","modified_gmt":"2021-12-03T19:05:32","slug":"seccion-i-tic","status":"publish","type":"page","link":"https:\/\/medialab.unmsm.edu.pe\/chiqaqnews\/seccion-i-tic\/","title":{"rendered":"Secci\u00f3n I-TIC (2021)"},"content":{"rendered":"\n<p>ANTONY ALCEDO SALVADOR<\/p>\n\n\n\n<div class=\"wp-block-image is-style-editorskit-circular\"><figure class=\"alignleft\"><img decoding=\"async\" loading=\"lazy\" width=\"110\" height=\"140\" src=\"https:\/\/medialab.unmsm.edu.pe\/chiqaqnews\/wp-content\/uploads\/2021\/12\/foto-120x120.jpg\" alt=\"\" class=\"wp-image-11055\"\/><\/figure><\/div>\n\n\n\n<p>(Lima, 1999). Estudiante de 22 a\u00f1os. Actualmente me encuentro en el cuarto ciclo de la escuela de Comunicaci\u00f3n Social de la Universidad Nacional Mayor de San Marcos, de la especialidad de audiovisuales. En torno a la actividad acad\u00e9mica, a\u00fan no formo parte de  talleres externos que brinda la escuela; sin embargo, me encuentro predispuesto a pertenecer a cualquiera de ellos que fuera de mi agrado. Me gusta la fotograf\u00eda tanto como asignatura y pasatiempo, adem\u00e1s de la m\u00fasica, el deporte y la edici\u00f3n de videos.<\/p>\n\n\n\n<hr class=\"wp-block-separator is-style-wide\"\/>\n\n\n\n<p>SHERAM BARZOLA GUILLEN <\/p>\n\n\n\n<div class=\"wp-block-image is-style-editorskit-circular\"><figure class=\"alignleft\"><img decoding=\"async\" loading=\"lazy\" width=\"120\" height=\"124\" src=\"https:\/\/medialab.unmsm.edu.pe\/chiqaqnews\/wp-content\/uploads\/2021\/12\/fotooo-1.jpg\" alt=\"\" class=\"wp-image-11072\"\/><\/figure><\/div>\n\n\n\n<p>Nac\u00ed en Andahuaylas, Apur\u00edmac. Estudiante de 19 a\u00f1os. Curso estudios de cuarto grado de la carrera de comunicaci\u00f3n social en la Universidad Nacional Mayor de San Marcos y quiero especializarme en periodismo. Disfruto mucho de la lectura, la m\u00fasica, la danza, los deportes y el anime. Espero poder aportar al desarrollo del pa\u00eds a trav\u00e9s de mi labor como periodista. Y por el momento, estoy embarcado en este proyecto de cultura digital y nuevas narrativas en la web.<\/p>\n\n\n\n<hr class=\"wp-block-separator is-style-wide\"\/>\n\n\n\n<p>CHARLES CAJALEON CERIN <\/p>\n\n\n\n<div class=\"wp-block-image is-style-editorskit-circular\"><figure class=\"alignleft\"><img decoding=\"async\" loading=\"lazy\" width=\"120\" height=\"120\" src=\"https:\/\/medialab.unmsm.edu.pe\/chiqaqnews\/wp-content\/uploads\/2021\/12\/cajaleon.jpg\" alt=\"\" class=\"wp-image-11076\"\/><\/figure><\/div>\n\n\n\n<p>Mi nombre es Charles Arthur Cajaleon Cerin, nac\u00ed en Lima, actualmente tengo 21 a\u00f1os. Ingres\u00e9 a la Universidad Nacional Mayor de San Marcos en el a\u00f1o 2020 a la carrera de Comunicaci\u00f3n social con ciertos prop\u00f3sitos, algunos de ellos son los siguientes: conseguir una beca en el extranjero para mi formaci\u00f3n en el \u00e1rea audiovisual, llegar a ser un productor del \u00e1rea audiovisual, formar parte de la disquera Spinning&#8217; Records y si es posible crear una empresa en el \u00e1rea de sonido. Por otro lado, en un \u00e1mbito m\u00e1s personal me caracterizo por ser una persona muy extrovertida que le gusta seguir las distintas tendencias que se ven d\u00eda a d\u00eda y muy a fisionado al deporte. En cuanto a mi experiencia laboral relacionado con la carrera he trabajado en \u00e1mbitos m\u00e1s centrado en atenci\u00f3n al cliente ello ha desarrollado en m\u00ed una persona capaz de relacionarme muy f\u00e1cil tanto en relaciones  interpersonales o acad\u00e9micas.<\/p>\n\n\n\n<hr class=\"wp-block-separator is-style-wide\"\/>\n\n\n\n<p>JOSE CA\u00d1AMERO SOSA<\/p>\n\n\n\n<div class=\"wp-block-image is-style-editorskit-circular\"><figure class=\"alignleft\"><img decoding=\"async\" loading=\"lazy\" width=\"120\" height=\"120\" src=\"https:\/\/medialab.unmsm.edu.pe\/chiqaqnews\/wp-content\/uploads\/2021\/12\/foto-corte-1.jpg\" alt=\"\" class=\"wp-image-11085\"\/><\/figure><\/div>\n\n\n\n<p>Estudiante de 19 a\u00f1os en la Universidad Nacional Mayor de San Marcos, donde curso estudios de cuarto ciclo en la carrera de Comunicaci\u00f3n Social, especialidad de Producci\u00f3n Audiovisual. Soy artista de caricaturas y narrador de historias, amante del arte conceptual y de la animaci\u00f3n, a lo que quiero dedicarme en el futuro. Entusiasta de los juegos de rol, la m\u00fasica, el cine y el teatro, me embarco en este proyecto con el fin de experimentar en la redacci\u00f3n mediante el uso de nuevas tecnolog\u00edas y herramientas digitales.<\/p>\n\n\n\n<hr class=\"wp-block-separator\"\/>\n\n\n\n<p>VALERIA CARRILLO ALVARADO<\/p>\n\n\n\n<div class=\"wp-block-image is-style-editorskit-circular\"><figure class=\"alignleft\"><img decoding=\"async\" loading=\"lazy\" width=\"120\" height=\"120\" src=\"https:\/\/medialab.unmsm.edu.pe\/chiqaqnews\/wp-content\/uploads\/2021\/12\/Foto-Valeria-Carrillo-Alvarado-1.jpg\" alt=\"\" class=\"wp-image-11087\"\/><\/figure><\/div>\n\n\n\n<p>Nac\u00ed en Lima. Tengo 20 a\u00f1os y actualmente curso el cuarto ciclo de la carrera de Comunicaci\u00f3n Social en la Universidad Nacional Mayor de San Marcos. Me voy a especializar en Comunicaci\u00f3n Organizacional, de modo que pueda desempe\u00f1arme como comunicadora dentro de instituciones p\u00fablicas y privadas. Me agrada todo lo relacionado al dise\u00f1o gr\u00e1fico, marketing digital, pero especialmente me interesa la comunicaci\u00f3n corporativa tanto a nivel interno como externo. Actualmente formo parte de la Red Universitaria Ambiental Per\u00fa &#8211; Nodo San Marcos, en la coordinaci\u00f3n de Comunicaci\u00f3n y Marketing, esta es una organizaci\u00f3n en la cual he podido aplicar los conocimientos de mi carrera a diversos proyectos en materia medioambiental. Tambi\u00e9n formo parte de Digital Media, una organizaci\u00f3n universitaria sanmarquina donde me desenvuelvo en el \u00e1rea de gesti\u00f3n, en la cual he podido aprender mucho m\u00e1s acerca del campo organizacional. Contin\u00fao aprendiendo de forma autodidacta y tomando cursos con certificaciones sobre comunicaci\u00f3n interna, marketing, publicidad y creaci\u00f3n de contenido digital. Ahora estoy embarcada en este nuevo proyecto. <\/p>\n\n\n\n<hr class=\"wp-block-separator is-style-wide\"\/>\n\n\n\n<p>YOMAIRA CORDOVA QUISPE<\/p>\n\n\n\n<div class=\"wp-block-image is-style-editorskit-circular\"><figure class=\"alignleft\"><img decoding=\"async\" loading=\"lazy\" width=\"120\" height=\"120\" src=\"https:\/\/medialab.unmsm.edu.pe\/chiqaqnews\/wp-content\/uploads\/2021\/12\/YOMAIRA-CORDOVA-TA.jpg\" alt=\"\" class=\"wp-image-11673\"\/><\/figure><\/div>\n\n\n\n<p>(Lima, 1998), Estudiante de 23 a\u00f1os. Curso estudios de 4to ciclo en la carrera de Comunicaci\u00f3n Social, en la Universidad Nacional Mayor de San Marcos. Formo parte de dos grupos cr\u00edticos de j\u00f3venes sanmarquinos, el primero llamado Fundaci\u00f3n por el Desarrollo y la Tolerancia y Concientizados, donde realizo art\u00edculos acerca de temas pol\u00e9micos. Me encanta bailar y escuchar todo tipo de canciones. Asimismo soy una apasionada de la pol\u00edtica y por ello deseo realizar productos audiovisuales relacionado a ello.<\/p>\n\n\n\n<hr class=\"wp-block-separator is-style-wide\"\/>\n\n\n\n<p>RENATO DOOR CASTRO<\/p>\n\n\n\n<div class=\"wp-block-image is-style-editorskit-circular\"><figure class=\"alignleft\"><img decoding=\"async\" loading=\"lazy\" width=\"120\" height=\"120\" src=\"https:\/\/medialab.unmsm.edu.pe\/chiqaqnews\/wp-content\/uploads\/2021\/12\/Foto.jpg\" alt=\"\" class=\"wp-image-11091\"\/><\/figure><\/div>\n\n\n\n<p>(Lima, 1999). Estudiante de 22 a\u00f1os. Curso estudios de cuarto ciclo de la carrera de Comunicaci\u00f3n Social, apuntando a la especialidad de Comunicaci\u00f3n Audiovisual, en la Universidad Nacional Mayor de San Marcos. Presento un gusto por la m\u00fasica, la producci\u00f3n audiovisual y la pintura. Actualmente desempe\u00f1ando participaci\u00f3n activa en Chiqaq News, proyecto digital que tiene la finalidad de expandir la cultura al alcance de<br> los nuevos medios.<\/p>\n\n\n\n<hr class=\"wp-block-separator is-style-wide\"\/>\n\n\n\n<p>CRISTELL FLORES VILLANUEVA<\/p>\n\n\n\n<div class=\"wp-block-image is-style-editorskit-circular\"><figure class=\"alignleft\"><img decoding=\"async\" loading=\"lazy\" width=\"120\" height=\"160\" src=\"https:\/\/medialab.unmsm.edu.pe\/chiqaqnews\/wp-content\/uploads\/2021\/12\/WhatsApp-Image-2021-10-13-at-7.10.27-PM-1.jpeg\" alt=\"\" class=\"wp-image-11092\"\/><\/figure><\/div>\n\n\n\n<p>Mi nombre es Cristell Flores Villanueva. Soy una estudiante de 20 a\u00f1os que actualmente cursa el tercer ciclo de la carrera de Comunicaci\u00f3n Social en la Universidad Nacional Mayor de San Marcos.  Resido en el distrito de Lurigancho Chosica. Tengo el gusto de leer novelas rom\u00e1nticas y de ciencia ficci\u00f3n, aunque tambi\u00e9n me gustar\u00eda leer algunos cl\u00e1sicos de la literatura. Asimismo, en mis tiempos libres suelo dibujar. En un futuro me gustar\u00eda llevar alg\u00fan curso relacionado a ello.<\/p>\n\n\n\n<hr class=\"wp-block-separator is-style-wide\"\/>\n\n\n\n<p>JOSEPH GONZALES MAMANI<\/p>\n\n\n\n<div class=\"wp-block-image is-style-editorskit-circular\"><figure class=\"alignleft\"><img decoding=\"async\" loading=\"lazy\" width=\"120\" height=\"129\" src=\"https:\/\/medialab.unmsm.edu.pe\/chiqaqnews\/wp-content\/uploads\/2021\/12\/para-el-blog.jpg\" alt=\"\" class=\"wp-image-11093\"\/><\/figure><\/div>\n\n\n\n<p>(Callao, 2002). Estudiante de 19 a\u00f1os. me encuentro actualmente cursando estudios de cuarto grado de la carrera de Comunicaci\u00f3n Social, en la Universidad Nacional Mayor de San Marcos (UNMSM), planeo especializarme en Periodismo o audiovisuales. Aficionado a las lecturas y obras audiovisuales en general, siempre he estado interesado en temas como la pol\u00edtica, la historia y la cultura pop, factores cruciales que me impulsaron elegir mi profesi\u00f3n, ya que tengo la mentalidad de documentar nuestro panorama actual y formar parte de ello. Dicho esto, me siento muy animado de participar en este proyecto digital.<\/p>\n\n\n\n<hr class=\"wp-block-separator is-style-wide\"\/>\n\n\n\n<p>MARIA GRADOS ROJAS<\/p>\n\n\n\n<div class=\"wp-block-image is-style-editorskit-circular\"><figure class=\"alignleft\"><img decoding=\"async\" loading=\"lazy\" width=\"120\" height=\"120\" src=\"https:\/\/medialab.unmsm.edu.pe\/chiqaqnews\/wp-content\/uploads\/2021\/12\/IMG_7079.jpg\" alt=\"\" class=\"wp-image-11096\"\/><\/figure><\/div>\n\n\n\n<p>Nac\u00ed en el Callao en el a\u00f1o 2001, actualmente resido en el distrito de Cercado de Lima y me encuentro cursando el cuarto ciclo de la carrera de Comunicaci\u00f3n Social en la Universidad Nacional Mayor de San Marcos. Durante mucho tiempo he pensado en especializarme en la rama audiovisual, ya que analizar los mensajes audiovisuales de los films regionales del Per\u00fa es una de mis metas a corto plazo, sin embargo en la actualidad he desatado un cierto inter\u00e9s por la rama period\u00edstica. Me considero una amante de la cultura y el arte, visitar e informar sobre museos y galer\u00edas es mi pasi\u00f3n, al igual que tomar fotograf\u00edas. Ahora me embarco en este proyecto de cultura digital, Chiqaq News.<\/p>\n\n\n\n<hr class=\"wp-block-separator is-style-wide\"\/>\n\n\n\n<p>LUIS GUERRERO VARGAS<\/p>\n\n\n\n<div class=\"wp-block-image is-style-editorskit-circular\"><figure class=\"alignleft\"><img decoding=\"async\" loading=\"lazy\" width=\"120\" height=\"120\" src=\"https:\/\/medialab.unmsm.edu.pe\/chiqaqnews\/wp-content\/uploads\/2021\/12\/Foto-120x120-1.jpg\" alt=\"\" class=\"wp-image-11684\"\/><\/figure><\/div>\n\n\n\n<p>Estudiante de 22 a\u00f1os. Curso estudios del cuarto y sexto grado de Comunicaci\u00f3n Social, especialidad de Comunicaci\u00f3n Audiovisual, en la Universidad Nacional Mayor de San Marcos. Actualmente no pertenezco a ninguna agrupaci\u00f3n en la universidad, pero me dedico al trabajo independiente de sesiones de fotograf\u00eda. En mi segundo a\u00f1o pertenec\u00ed a las agrupaciones Reescribiendo Letras y Expr\u00e9sate Com\u00fan para luego ser parte de la junta transitoria del Centro de Estudiantes de Comunicaci\u00f3n Social. En mis tiempos libres me dedico a la composici\u00f3n de m\u00fasica urbana (espec\u00edficamente al g\u00e9nero rap) y a realizar sesiones de fotograf\u00eda, pienso realizar dos programas de intercambio cultural llamados \u201cAu Pair\/Bro Pair\u201d y \u201cWork &amp; Travel\u201d respectivamente para as\u00ed mejorar mis habilidades en los idiomas. Siento mucha pasi\u00f3n por la m\u00fasica y el f\u00fatbol siendo hincha de Universitario de Deportes. No realizo ning\u00fan tipo de actividad f\u00edsica, pero s\u00ed virtuales como edici\u00f3n, post producci\u00f3n de video y estudiar los idiomas alem\u00e1n e ingl\u00e9s.<\/p>\n\n\n\n<hr class=\"wp-block-separator\"\/>\n\n\n\n<p>MILAGROS HINOJOSA ZARATE<\/p>\n\n\n\n<div class=\"wp-block-image is-style-editorskit-circular\"><figure class=\"alignleft\"><img decoding=\"async\" loading=\"lazy\" width=\"120\" height=\"120\" src=\"https:\/\/medialab.unmsm.edu.pe\/chiqaqnews\/wp-content\/uploads\/2021\/12\/FOTO.jpeg\" alt=\"\" class=\"wp-image-11685\"\/><\/figure><\/div>\n\n\n\n<p>(Hinojosa, 2001). Mi nombre es Milagros Alexandra Hinojosa Z\u00e1rate. Nac\u00ed el 30 de mayo del 2001. Resido en el distrito de San Mart\u00edn de Porres, Lima \u2013 Per\u00fa. Soy una estudiante de 20 a\u00f1os, curso el cuarto semestre de la carrera profesional de Comunicaci\u00f3n Social y, espero obtener la especialidad en Periodismo o Comunicaci\u00f3n Organizacional en la Universidad Nacional Mayor de San Marcos. Actualmente, me desempe\u00f1o como investigadora y redactora del equipo period\u00edstico de Digital Media, una organizaci\u00f3n juvenil universitaria con el objetivo de crear, organizar y difundir proyectos comunicativos. En el 2020, form\u00e9 parte del comit\u00e9 editorial de la revista digital Visi\u00f3n Bicentenaria, un proyecto sanmarquino realizado con el prop\u00f3sito de difundir la cultura y el arte. Comparto una pasi\u00f3n por la lectura, especialmente, hacia libros relacionados a la inteligencia emocional y, un entra\u00f1able gusto por los viajes o alguna otra actividad tur\u00edstica. No obstante, interesada en informar y aportar m\u00e1s de lo que hoy en d\u00eda se observa en los medios de comunicaci\u00f3n a nivel mundial.<\/p>\n\n\n\n<hr class=\"wp-block-separator\"\/>\n\n\n\n<p>ANA HUAMALIES BUENDIA<\/p>\n\n\n\n<div class=\"wp-block-image is-style-editorskit-circular\"><figure class=\"alignleft\"><img decoding=\"async\" loading=\"lazy\" width=\"120\" height=\"120\" src=\"https:\/\/medialab.unmsm.edu.pe\/chiqaqnews\/wp-content\/uploads\/2021\/12\/foto-3-1.jpg\" alt=\"\" class=\"wp-image-11691\"\/><\/figure><\/div>\n\n\n\n<p>(Ica, 2021). Estudiante de 23 a\u00f1os. Curso estudios de cuarto ciclo de la carrera de Comunicaci\u00f3n Social, especialidad de Comunicaci\u00f3n Organizacional, en la Universidad Nacional Mayor de San Marcos. Hubo un tiempo en que form\u00e9 parte del&nbsp;voluntariado de la instituci\u00f3n CODEHICA donde realizaba redacciones y ediciones. Adem\u00e1s, form\u00e9 parte del \u00e1rea de imagen p\u00fablica de la organizaci\u00f3n no gubernamental CEIA donde era la encargada de hacer redacciones, ediciones y entrevistas. Amante del arte y la naturaleza. Con un gran gusto por el cine, la m\u00fasica, la literatura y la danza. Me encuentro ahora comprometida en este proyecto de cultura<br> digital y nuevas narrativas en la web.<\/p>\n\n\n\n<hr class=\"wp-block-separator\"\/>\n\n\n\n<p>CLAUDIA HUARCAYA ANAMPA<\/p>\n\n\n\n<div class=\"wp-block-image is-style-editorskit-circular\"><figure class=\"alignleft\"><img decoding=\"async\" loading=\"lazy\" width=\"120\" height=\"120\" src=\"https:\/\/medialab.unmsm.edu.pe\/chiqaqnews\/wp-content\/uploads\/2021\/12\/Foto-4.jpg\" alt=\"\" class=\"wp-image-11694\"\/><\/figure><\/div>\n\n\n\n<p>(Lima, 2001). Estudiante de 20 a\u00f1os y residente del distrito de Los Olivos. Curso estudios del cuarto ciclo de la carrera de Comunicaci\u00f3n Social en la Universidad Nacional Mayor de San Marcos, y busco especializarme en la rama de Comunicaci\u00f3n Organizacional. Con gustos por la lectura, la m\u00fasica, la fotograf\u00eda y el teatro. Tengo conocimientos en ingl\u00e9s a nivel intermedio, por haber estudiado 2 a\u00f1os en el ICPNA (Instituto Cultural Peruano Norteamericano), adem\u00e1s, deseo aprender m\u00e1s idiomas en un futuro. Asimismo, estoy interesada en la ilustraci\u00f3n y el dise\u00f1o gr\u00e1fico.<\/p>\n\n\n\n<hr class=\"wp-block-separator\"\/>\n\n\n\n<p>LUIS LIZARRAGA CHAMORRO<\/p>\n\n\n\n<div class=\"wp-block-image is-style-editorskit-circular\"><figure class=\"alignleft\"><img decoding=\"async\" loading=\"lazy\" width=\"120\" height=\"160\" src=\"https:\/\/medialab.unmsm.edu.pe\/chiqaqnews\/wp-content\/uploads\/2021\/12\/FOTO-luis-lizarraga-chamorro.jpg\" alt=\"\" class=\"wp-image-11697\"\/><\/figure><\/div>\n\n\n\n<p>Mi nombre es Luis Antonio Lizarraga Chamorro. Tengo 20 a\u00f1os y soy estudiante de Comunicaci\u00f3n Social en la Universidad Nacional Mayor de San Marcos. Me gusta el cine y la m\u00fasica, por eso optar\u00eda por la especialidad de Comunicaci\u00f3n Audiovisual. En un futuro m\u00e1s lejano, me gustar\u00eda trabajar haciendo cine o dirigiendo series animadas en otro pa\u00eds; esta meta surge cuando vi la pel\u00edcula argentina \u201cNueve reinas\u201d y otras series animadas. Amante de la m\u00fasica, en especial de las bandas sonoras de las pel\u00edculas, series, etc.<\/p>\n\n\n\n<hr class=\"wp-block-separator\"\/>\n\n\n\n<p>CAMILA LOPEZ DIESTRA<\/p>\n\n\n\n<figure class=\"wp-block-image\"><img decoding=\"async\" src=\"blob:https:\/\/medialab.unmsm.edu.pe\/5f353b50-fbf6-479a-9578-292e7c3f3f52\" alt=\"\"\/><\/figure>\n\n\n\n<p>(Lima, 2021). Nac\u00ed en Lima; sin embargo, radiqu\u00e9 por mucho tiempo en el<br> departamento de \u00c1ncash. Actualmente vivo en el distrito del R\u00edmac. Tengo 21 a\u00f1os, estoy cursando el cuarto ciclo de la carrera de Comunicaci\u00f3n Social en la Universidad Nacional Mayor de San Marcos y m\u00e1s adelante pienso especializarme en Periodismo. Tengo diversos pasatiempos, como el deporte, la m\u00fasica, los libros de romance y el anime. Eleg\u00ed la carrera de Comunicaci\u00f3n Social cuando cursaba el cuarto grado de secundaria ya que pertenec\u00eda a un grupo del peri\u00f3dico mural del colegio. Despu\u00e9s, ya<br> investigando, me di cuenta de que es una carrera con la que puedes abarcar diversos temas como econom\u00eda, pol\u00edtica, etc.<\/p>\n","protected":false},"excerpt":{"rendered":"<p>ANTONY ALCEDO SALVADOR (Lima, 1999). Estudiante de 22 a\u00f1os. Actualmente me encuentro en el cuarto ciclo de la escuela de Comunicaci\u00f3n Social de la Universidad Nacional Mayor de San Marcos, de la especialidad de audiovisuales. En torno a la actividad acad\u00e9mica, a\u00fan no formo parte de talleres externos que brinda la escuela; sin embargo, me [&hellip;]<\/p>\n","protected":false},"author":1,"featured_media":0,"parent":0,"menu_order":0,"comment_status":"closed","ping_status":"closed","template":"","meta":[],"_links":{"self":[{"href":"https:\/\/medialab.unmsm.edu.pe\/chiqaqnews\/wp-json\/wp\/v2\/pages\/11054"}],"collection":[{"href":"https:\/\/medialab.unmsm.edu.pe\/chiqaqnews\/wp-json\/wp\/v2\/pages"}],"about":[{"href":"https:\/\/medialab.unmsm.edu.pe\/chiqaqnews\/wp-json\/wp\/v2\/types\/page"}],"author":[{"embeddable":true,"href":"https:\/\/medialab.unmsm.edu.pe\/chiqaqnews\/wp-json\/wp\/v2\/users\/1"}],"replies":[{"embeddable":true,"href":"https:\/\/medialab.unmsm.edu.pe\/chiqaqnews\/wp-json\/wp\/v2\/comments?post=11054"}],"version-history":[{"count":14,"href":"https:\/\/medialab.unmsm.edu.pe\/chiqaqnews\/wp-json\/wp\/v2\/pages\/11054\/revisions"}],"predecessor-version":[{"id":11699,"href":"https:\/\/medialab.unmsm.edu.pe\/chiqaqnews\/wp-json\/wp\/v2\/pages\/11054\/revisions\/11699"}],"wp:attachment":[{"href":"https:\/\/medialab.unmsm.edu.pe\/chiqaqnews\/wp-json\/wp\/v2\/media?parent=11054"}],"curies":[{"name":"wp","href":"https:\/\/api.w.org\/{rel}","templated":true}]}}