{"id":13631,"date":"2023-05-08T14:50:27","date_gmt":"2023-05-08T19:50:27","guid":{"rendered":"https:\/\/medialab.unmsm.edu.pe\/chiqaqnews\/?page_id=13631"},"modified":"2023-06-12T16:12:13","modified_gmt":"2023-06-12T21:12:13","slug":"staff-2023-i","status":"publish","type":"page","link":"https:\/\/medialab.unmsm.edu.pe\/chiqaqnews\/staff-2023-i\/","title":{"rendered":"Staff 2023-I"},"content":{"rendered":"\n<p><a href=\"https:\/\/medialab.unmsm.edu.pe\/chiqaqnews\/author\/marilyn-aguinaga-mondragon\/\">MARILYN AGUINAGA MONDRAGON<\/a> <\/p>\n\n\n\n<div class=\"wp-block-image\"><figure class=\"alignleft\"><img decoding=\"async\" loading=\"lazy\" width=\"120\" height=\"120\" src=\"https:\/\/medialab.unmsm.edu.pe\/chiqaqnews\/wp-content\/uploads\/2023\/05\/Aguinaga-Mondragon-Marilyn-1.jpeg\" alt=\"\" class=\"wp-image-13633\"\/><\/figure><\/div>\n\n\n\n<p>Nac\u00ed en Callao, actualmente resido en el distrito de Mi Per\u00fa. Estudiante de 26 a\u00f1os.  Curso estudios de noveno ciclo de la carrera de Comunicaci\u00f3n Social, especialidad de Periodismo en la Universidad Nacional Mayor de San Marcos. Amante de la diversidad cultural. Actualmente me encuentro realizando reportajes y notas period\u00edsticas de forma independiente, encarg\u00e1ndome de la direcci\u00f3n y reportaje. Algunos de estos trabajos han sido publicados en medios como Digital Media. Me gusta la m\u00fasica, las series y el teatro. Ahora embarcada en este proyecto de cultura digital.<\/p>\n\n\n\n<hr class=\"wp-block-separator\"\/>\n\n\n\n<p><a href=\"https:\/\/medialab.unmsm.edu.pe\/chiqaqnews\/author\/ada-arango-quispe\/\">ADA ARANGO QUISPE<\/a> <\/p>\n\n\n\n<div class=\"wp-block-image\"><figure class=\"alignleft\"><img decoding=\"async\" loading=\"lazy\" width=\"100\" height=\"100\" src=\"https:\/\/medialab.unmsm.edu.pe\/chiqaqnews\/wp-content\/uploads\/2023\/05\/1604543032384.jpg\" alt=\"\" class=\"wp-image-13635\"\/><\/figure><\/div>\n\n\n\n<p>Nac\u00ed en Lima y vivo en el distrito de San Juan de Lurigancho. Estudiante de 23 a\u00f1os. Curso estudios en el noveno semestre de la carrera de comunicaci\u00f3n social en la Universidad Nacional Mayor de San Marcos. A partir del 2021 comenc\u00e9 a ser parte del medio sanmarquino Digital Media. En la cual desempe\u00f1\u00e9 la labor de redactora web, reportera y creadora de contenido para redes sociales.En el a\u00f1o 2022 comenc\u00e9 a estudiar doblaje y actuaci\u00f3n de voz en Jack studios. A inicios del 2023 comenc\u00e9 a ser parte de una organizaci\u00f3n juvenil Sembrando sue\u00f1os, encargada de ayudar a la poblaci\u00f3n y educar a la ciudadan\u00eda. Dentro de esta organizaci\u00f3n me  encargu\u00e9 de crear y difundir contenido acerca de la labor y los eventos que organizaba Sembrando sue\u00f1os. Actualmente formo parte del medio period\u00edstico La Ant\u00edgona. El cual busca reivindicar y visibilizar a la mujer y poblaciones LGBTQ+ en la sociedad peruana y Latinoam\u00e9rica. Dentro del medio pertenezco al equipo de redacci\u00f3n de la mano de periodistas peruanos y extranjeros.<\/p>\n\n\n\n<hr class=\"wp-block-separator\"\/>\n\n\n\n<p><a href=\"https:\/\/medialab.unmsm.edu.pe\/chiqaqnews\/author\/alice-calderon-aquino\/\">ALICE CALDERON AQUINO<\/a> <\/p>\n\n\n\n<div class=\"wp-block-image\"><figure class=\"alignleft\"><img decoding=\"async\" loading=\"lazy\" width=\"120\" height=\"120\" src=\"https:\/\/medialab.unmsm.edu.pe\/chiqaqnews\/wp-content\/uploads\/2023\/05\/FOTCHECK-1.jpg\" alt=\"\" class=\"wp-image-13637\"\/><\/figure><\/div>\n\n\n\n<p>Nac\u00ed en la ciudad de Lima, distrito de San Juan de Lurigancho. Estudiante de 20 a\u00f1os perteneciente a la Escuela de Comunicaci\u00f3n Social de la Universidad Nacional Mayor de San Marcos. Actualmente curso el noveno ciclo de la carrera con la especialidad de Periodismo. He realizado diferentes actividades relacionadas a mi carrera las cuales consisten en ser productora radial del programa Toque de Queda, productora audiovisual de la empresa MKT, asimismo el manejo de redes y difusi\u00f3n de contenidos como voluntaria de Sanar Per\u00fa. Tengo conocimiento de dos idiomas: Ingl\u00e9s intermedio y Portugu\u00e9s. Amante del turismo, de lo novedoso, la cultura.<\/p>\n\n\n\n<hr class=\"wp-block-separator\"\/>\n\n\n\n<p><a href=\"https:\/\/medialab.unmsm.edu.pe\/chiqaqnews\/author\/ricardo-carnica-ledesma\/\">RICARDO CARNICA LEDESMA<\/a> <\/p>\n\n\n\n<div class=\"wp-block-image\"><figure class=\"alignleft\"><img decoding=\"async\" loading=\"lazy\" width=\"120\" height=\"120\" src=\"https:\/\/medialab.unmsm.edu.pe\/chiqaqnews\/wp-content\/uploads\/2023\/05\/Ricardo.jpg\" alt=\"\" class=\"wp-image-13638\"\/><\/figure><\/div>\n\n\n\n<p>Soy un so\u00f1ador, un estoico y una persona que siempre busca una mejor soluci\u00f3n a pesar que esta sea m\u00e1s dif\u00edcil; sobre todo busco hacer lo correcto a pesar de no ser siempre lo que me traiga beneficios, cierto, mi nombre es Ricardo Sebasti\u00e1n Carnica Ledesma, nac\u00ed en Lima. Estudiante de 22 a\u00f1os. Curso estudios en noveno ciclo de la carrera de Comunicaci\u00f3n Social, especialidad de Periodismo en la Universidad Nacional Mayor de San Marcos. Actualmente pertenezco a 2 organizaciones independientes creadas en 2019, siendo orgullosamente uno de los miembros originales que conforman dichas grupaciones, por un lado, La Boheme Art (LBA), una agrupaci\u00f3n art\u00edstica que busca fomentar el teatro y diversas artes en la actualidad, para ser m\u00e1s espec\u00edfico, me desenvuelvo en el \u00e1rea de prensa. La segunda agrupaci\u00f3n a la que pertenezco es la Organizaci\u00f3n por la Educaci\u00f3n F\u00edsica y el Deporte (OEFD), en donde tambi\u00e9n me desenvuelvo en el \u00e1rea de prensa y en el \u00c1rea de Marketing. Asimismo, fui miembro del \u00e1rea de prensa del Colegio M\u00e9dico y La Sociedad Peruana de Anestesia Analgesia y Reanimaci\u00f3n (SPAAR). Soy un gran apasionado por el mundo del cine, la  literatura y el teatro; la ciencia ficci\u00f3n, el drama y todo tipo de historias que resulten interesantes, siempre he cre\u00eddo que no hay historia que no resulte interesante, solo hay que saber contarla.<\/p>\n\n\n\n<hr class=\"wp-block-separator\"\/>\n\n\n\n<p><a href=\"https:\/\/medialab.unmsm.edu.pe\/chiqaqnews\/author\/jhoana-cuela-quispe\/\">JHOANA CUELA QUISPE<\/a> <\/p>\n\n\n\n<div class=\"wp-block-image\"><figure class=\"alignleft\"><img decoding=\"async\" loading=\"lazy\" width=\"120\" height=\"108\" src=\"https:\/\/medialab.unmsm.edu.pe\/chiqaqnews\/wp-content\/uploads\/2023\/05\/jhoana.jpg\" alt=\"\" class=\"wp-image-13639\"\/><\/figure><\/div>\n\n\n\n<p>Nac\u00ed en Lima (Comas), actualmente residiendo en Carabayllo. Estudiante de 21 a\u00f1os. Curso estudios de s\u00e9ptimo ciclo de la carrera de Comunicaci\u00f3n Social, especialidad de Periodismo en la Universidad Nacional Mayor de San Marcos. Hubo un tiempo en que form\u00e9 parte del medio digital de \u00abRepensando\u00bb realizando fotograf\u00edas, entrevistas, edits de p\u00e1gina web, entre otras tareas. Asimismo, con anterioridad he podido escribir una novela en una plataforma web, as\u00ed como formar parte de voluntariados dirigido hacia ni\u00f1os, j\u00f3venes y adultos mayores. En consecuencia, logr\u00e9 ser realista con mi entorno, cayendo en la conclusi\u00f3n de que si bien la deshumanizaci\u00f3n es un hecho indudable, la vicisitud es una opci\u00f3n. En adem\u00e1n, pude aprender de las experiencias de ajenos y, en lo acad\u00e9mico, lograr un pilar m\u00e1s del porqu\u00e9 especializarme en periodismo.<\/p>\n\n\n\n<hr class=\"wp-block-separator\"\/>\n\n\n\n<p> <a href=\"https:\/\/medialab.unmsm.edu.pe\/chiqaqnews\/author\/jose-luna-jaramillo\/\">JOSE LUNA JARAMILLO<\/a> <\/p>\n\n\n\n<div class=\"wp-block-image\"><figure class=\"alignleft\"><img decoding=\"async\" loading=\"lazy\" width=\"120\" height=\"120\" src=\"https:\/\/medialab.unmsm.edu.pe\/chiqaqnews\/wp-content\/uploads\/2023\/05\/joseluna.jpg\" alt=\"\" class=\"wp-image-13640\"\/><\/figure><\/div>\n\n\n\n<p>Soy un estudiante de 22 a\u00f1os nacido en el Callao. Actualmente, curso el noveno ciclo de la carrera de Comunicaci\u00f3n Social, con especialidad Periodismo, en la UNMSM, y me encuentro interesado en el contenido cultural, social y deportivo. Me inclin\u00e9 por la  especialidad de Periodismo debido a que siento comodidad frente a las letras, adem\u00e1s de que desde peque\u00f1o he sido un aficionado del acto de investigar y del arte de escribir. He participado en proyectos cuyas tem\u00e1ticas difieren, en la mayor\u00eda de casos, sustancialmente; raz\u00f3n por la que puedo asegurar que tengo inclinaci\u00f3n por diferentes \u00e1reas tem\u00e1ticas. En mis ratos libres, practico deportes y procuro compartir tiempo con mi familia. Amante de los animales, viajes, videojuegos, el f\u00fatbol, la m\u00fasica y consumidor intensivo de las plataformas de streaming.<\/p>\n\n\n\n<hr class=\"wp-block-separator\"\/>\n\n\n\n<p><a href=\"https:\/\/medialab.unmsm.edu.pe\/chiqaqnews\/author\/christopher-perez-medina\/\">CHRISTOPHER PEREZ&nbsp; MEDINA<\/a> <\/p>\n\n\n\n<div class=\"wp-block-image\"><figure class=\"alignleft\"><img decoding=\"async\" loading=\"lazy\" width=\"120\" height=\"120\" src=\"https:\/\/medialab.unmsm.edu.pe\/chiqaqnews\/wp-content\/uploads\/2023\/05\/Christopher-Perez.jpg\" alt=\"\" class=\"wp-image-13641\"\/><\/figure><\/div>\n\n\n\n<p>Comunicador social especializado en Periodismo. Actualmente con 23 a\u00f1os y resido en la Provincia Constitucional del Callao. Soy parte de la organizaci\u00f3n estudiantil Irradiando San Marcos cumpliendo el rol de locutor, redactor y reportero. Por otro lado, soy miembro del medio period\u00edstico independiente \u201cGG Noticias\u201d. No obstante, sigo en busca de pr\u00e1cticas profesionales para obtener experiencia en el mundo del periodismo.<\/p>\n\n\n\n<hr class=\"wp-block-separator\"\/>\n\n\n\n<p><a href=\"https:\/\/medialab.unmsm.edu.pe\/chiqaqnews\/author\/ghiomara-rafaele-bautista\/\">GHIOMARA RAFAELE BAUTISTA<\/a> <\/p>\n\n\n\n<div class=\"wp-block-image\"><figure class=\"alignleft\"><img decoding=\"async\" loading=\"lazy\" width=\"120\" height=\"133\" src=\"https:\/\/medialab.unmsm.edu.pe\/chiqaqnews\/wp-content\/uploads\/2023\/05\/ghiomara.jpg\" alt=\"\" class=\"wp-image-13642\"\/><\/figure><\/div>\n\n\n\n<p>Nac\u00ed en Huancayo, Jun\u00edn. Estudiante de 22 a\u00f1os. Curso estudios en el noveno ciclo de la carrera de Comunicaci\u00f3n Social, especialidad de Periodismo en la Universidad Nacional Mayor de San Marcos. Hubo un tiempo en que form\u00e9 parte de Irradiando San Marcos, Ideele Seguridad Ciudadana, El Foco y Wayka. Al terminar la universidad me enfocar\u00e9 en el periodismo de investigaci\u00f3n. En mis ratos libres soy amante de muchas artes: el cine, la poes\u00eda, el teatro, la m\u00fasica y el f\u00fatbol. <\/p>\n\n\n\n<hr class=\"wp-block-separator\"\/>\n\n\n\n<p><a href=\"https:\/\/medialab.unmsm.edu.pe\/chiqaqnews\/author\/jose-roca-pena\/\">JOSE ROCA PE\u00d1A<\/a> <\/p>\n\n\n\n<div class=\"wp-block-image\"><figure class=\"alignleft\"><img decoding=\"async\" loading=\"lazy\" width=\"120\" height=\"126\" src=\"https:\/\/medialab.unmsm.edu.pe\/chiqaqnews\/wp-content\/uploads\/2023\/05\/Roca-Pe\u00f1a-Jos\u00e9-285x300.jpg\" alt=\"\" class=\"wp-image-13643\"\/><\/figure><\/div>\n\n\n\n<p>Nac\u00ed en Lima, Miraflores. Gran parte de mi vida se la dediqu\u00e9 a Chorrillos y luego a Callao, donde actualmente vivo. Soy un estudiante de 22 a\u00f1os. Curso mi \u00faltimo a\u00f1o de estudios en la carrera de Comunicaci\u00f3n Social en la Universidad Nacional Mayor de San Marcos, en donde me estoy especializando en periodismo. Me considero un amante empedernido de los videojuegos y todo lo relacionado al mundo geek. He realizado trabajos en distintos medios independientes peque\u00f1os a lo largo de los a\u00f1os y ahora estoy apuntando a terminar la carrera para dedicarme a lo que me gusta, el periodismo en alguna revista de tecnolog\u00eda o entretenimiento digital.<\/p>\n\n\n\n<hr class=\"wp-block-separator\"\/>\n\n\n\n<p><a href=\"https:\/\/medialab.unmsm.edu.pe\/chiqaqnews\/author\/belen-rosales-laura\/\">BELEN ROSALES LAURA<\/a> <\/p>\n\n\n\n<div class=\"wp-block-image\"><figure class=\"alignleft\"><img decoding=\"async\" loading=\"lazy\" width=\"120\" height=\"120\" src=\"https:\/\/medialab.unmsm.edu.pe\/chiqaqnews\/wp-content\/uploads\/2023\/05\/belenrosales.jpg\" alt=\"\" class=\"wp-image-13644\"\/><\/figure><\/div>\n\n\n\n<p>Estudiante universitaria de 19 a\u00f1os que reside en Lima. Me encuentro cursando la carrera de Comunicaci\u00f3n Social en la decana de Am\u00e9rica. Futura periodista, aunque presento una debilidad por dibujar ocasionalmente. Hubo un tiempo en que form\u00e9 parte de diversos voluntariados en organizaciones juveniles (Crear Per\u00fa, CDM, Asocdnc, Digital Media) donde realizaba redacciones, entrevistas y dem\u00e1s actividades afines a mi carrera.  Amante de la lectura, los gatos y la tranquilidad. Me considero una persona apasionada por los temas sociales y culturales, e intent\u00f3 mantener los ideales que defiendo. Actualmente, me encuentro mirando hacia los pr\u00f3ximos planes y metas que me propongo.<\/p>\n\n\n\n<hr class=\"wp-block-separator\"\/>\n\n\n\n<p><a href=\"https:\/\/medialab.unmsm.edu.pe\/chiqaqnews\/author\/jorge-talledo-rojas\/\">JORGE TALLEDO ROJAS<\/a> <\/p>\n\n\n\n<div class=\"wp-block-image\"><figure class=\"alignleft\"><img decoding=\"async\" loading=\"lazy\" width=\"120\" height=\"126\" src=\"https:\/\/medialab.unmsm.edu.pe\/chiqaqnews\/wp-content\/uploads\/2023\/05\/talledo.jpg\" alt=\"\" class=\"wp-image-13645\"\/><\/figure><\/div>\n\n\n\n<p>Nac\u00ed en Lima (Per\u00fa). Curso estudios del quinto a\u00f1o (noveno ciclo) de la carrera de Comunicaci\u00f3n Social, especialidad periodismo, en la Universidad Nacional Mayor de San Marcos. Anteriormente he participado en algunos talleres de literatura y cine pues son artes que llaman mucho mi atenci\u00f3n. Por ahora trato de poner en pr\u00e1ctica todo lo aprendido, escribiendo relatos cortos, guiones generalmente de corte terror y ciencia ficci\u00f3n. Si bien he elegido dedicarme al periodismo, no descarto tambi\u00e9n desenvolverme en el campo audiovisual, concretamente en el cine. Dentro de mi trayectoria laboral se encuentra: la direcci\u00f3n del \u00e1rea de comunicaciones en el Colectivo Proyecta, mi participaci\u00f3n Federaci\u00f3n de Periodistas del Per\u00fa y mi trabajo en el medio independiente \u201cIrradiando\u201d. Actualmente me encuentro trabajando en el medio digital \u201cOjo P\u00fablico\u201d, a su vez estoy realizando trabajos audiovisuales propios con el fin de abrirme paso en el mundo del cine peruano.<\/p>\n\n\n\n<hr class=\"wp-block-separator\"\/>\n\n\n\n<p><a href=\"https:\/\/medialab.unmsm.edu.pe\/chiqaqnews\/author\/xiomara-vasquez-calla\/\">XIOMARA VASQUEZ CALLA<\/a> <\/p>\n\n\n\n<div class=\"wp-block-image\"><figure class=\"alignleft\"><img decoding=\"async\" loading=\"lazy\" width=\"120\" height=\"120\" src=\"https:\/\/medialab.unmsm.edu.pe\/chiqaqnews\/wp-content\/uploads\/2023\/05\/Xiomara-Vasquez.jpg\" alt=\"\" class=\"wp-image-13646\"\/><\/figure><\/div>\n\n\n\n<p>Sobreviviente lime\u00f1a. 22 a\u00f1os. Estudiante del noveno ciclo de la carrera de Comunicaci\u00f3n social en la Universidad Nacional Mayor de San Marcos. Imagin\u00e9 que la otra mitad de mi vida la pasar\u00eda en Broadway. Cuando era peque\u00f1a, cada d\u00eda que acompa\u00f1aba a mi padre a trabajar me devoraba los peri\u00f3dicos matutinos en su espera, sedienta de nuevas noticias e informaci\u00f3n, es por eso que eleg\u00ed la especializarme en periodismo. Siempre sent\u00ed una fuerte inclinaci\u00f3n hacia las artes. M\u00e1s que todo al canto, baile y actuaci\u00f3n. Por ello, actualmente estudio la carrera de Teatro musical en INATEM, curso el pen\u00faltimo ciclo. Estudi\u00e9 distintas escuelas de baile, donde mis gustos florecieron siendo el centro el ballet cl\u00e1sico y el jazz. Cuento con un gusto culposo a las comedias rom\u00e1nticas y el cine de horror.<\/p>\n\n\n\n<hr class=\"wp-block-separator\"\/>\n\n\n\n<p><\/p>\n","protected":false},"excerpt":{"rendered":"<p>MARILYN AGUINAGA MONDRAGON Nac\u00ed en Callao, actualmente resido en el distrito de Mi Per\u00fa. Estudiante de 26 a\u00f1os. Curso estudios de noveno ciclo de la carrera de Comunicaci\u00f3n Social, especialidad de Periodismo en la Universidad Nacional Mayor de San Marcos. Amante de la diversidad cultural. Actualmente me encuentro realizando reportajes y notas period\u00edsticas de forma [&hellip;]<\/p>\n","protected":false},"author":1,"featured_media":0,"parent":0,"menu_order":0,"comment_status":"closed","ping_status":"closed","template":"","meta":[],"_links":{"self":[{"href":"https:\/\/medialab.unmsm.edu.pe\/chiqaqnews\/wp-json\/wp\/v2\/pages\/13631"}],"collection":[{"href":"https:\/\/medialab.unmsm.edu.pe\/chiqaqnews\/wp-json\/wp\/v2\/pages"}],"about":[{"href":"https:\/\/medialab.unmsm.edu.pe\/chiqaqnews\/wp-json\/wp\/v2\/types\/page"}],"author":[{"embeddable":true,"href":"https:\/\/medialab.unmsm.edu.pe\/chiqaqnews\/wp-json\/wp\/v2\/users\/1"}],"replies":[{"embeddable":true,"href":"https:\/\/medialab.unmsm.edu.pe\/chiqaqnews\/wp-json\/wp\/v2\/comments?post=13631"}],"version-history":[{"count":8,"href":"https:\/\/medialab.unmsm.edu.pe\/chiqaqnews\/wp-json\/wp\/v2\/pages\/13631\/revisions"}],"predecessor-version":[{"id":13912,"href":"https:\/\/medialab.unmsm.edu.pe\/chiqaqnews\/wp-json\/wp\/v2\/pages\/13631\/revisions\/13912"}],"wp:attachment":[{"href":"https:\/\/medialab.unmsm.edu.pe\/chiqaqnews\/wp-json\/wp\/v2\/media?parent=13631"}],"curies":[{"name":"wp","href":"https:\/\/api.w.org\/{rel}","templated":true}]}}