{"id":1485,"date":"2020-07-01T23:22:07","date_gmt":"2020-07-01T21:22:07","guid":{"rendered":"https:\/\/medialab.unmsm.edu.pe\/chiqaqnews\/?page_id=1485"},"modified":"2021-01-22T01:10:13","modified_gmt":"2021-01-22T06:10:13","slug":"mision","status":"publish","type":"page","link":"https:\/\/medialab.unmsm.edu.pe\/chiqaqnews\/mision\/","title":{"rendered":"Misi\u00f3n"},"content":{"rendered":"\n<p style=\"text-align:justify\">CHIQAQ NEWS es una <strong>publicaci\u00f3n hiperlocal<\/strong> promovida y creada en 2020 y concebida como plataforma de pr\u00e1cticas de la asignatura de Periodismo Multimedia. CHIQAQ NEWS nace con la pretensi\u00f3n de ser un experimento de colaboraci\u00f3n entre unidades de docencia e investigaci\u00f3n (el Departamento de Comunicaci\u00f3n Social y el Medialab-UNMSM) de la Universidad Nacional Mayor de San Marcos y los medios de comunicaci\u00f3n. Por tanto, promueve\u00a0y fomenta el conocimiento acad\u00e9mico con la realidad profesional del periodismo y comunicaci\u00f3n (universidad+empresa).<\/p>\n\n\n\n<p style=\"text-align:justify\">Tambi\u00e9n, desde CHIQAQ NEWS fomentamos la innovaci\u00f3n: Desde hace a\u00f1os, las fronteras entre los que producen las noticias y los que la consumen son cada vez m\u00e1s difusas. La <strong>gente demanda un tipo de informaci\u00f3n fiable<\/strong> y al mismo tiempo, cercana al lugar de residencia o de trabajo, adem\u00e1s de ser parte activa en la creaci\u00f3n de la informaci\u00f3n. Con estas propuestas innovadoras, esperamos atraer a m\u00e1s lectores en el proceso de producci\u00f3n de noticias de una forma que otros pocos sitios lo han intentado antes.<\/p>\n\n\n\n<p style=\"text-align:justify\">Al igual que otros sitios web de divulgaci\u00f3n de la Facultad de Letras y Ciencias Humanas, de blogs y de medios de comunicaci\u00f3n, <strong>desde CHIQAQ NEWS vamos a evitar la mala informaci\u00f3n, desinformaci\u00f3n o demagogia<\/strong> y esperamos fomentar un entorno atractivo, universitario, informativo, buen humor y con un estilo propio. Los <strong>estudiantes aprenden haciendo <\/strong>(Learn+Made)<strong> y creciendo en valores \u00e9ticos, contrastando informaci\u00f3n, verificando las fuentes y citando a autores.<\/strong> <\/p>\n\n\n\n<p>Nuestro sitio se centrar\u00e1 en la presentaci\u00f3n de art\u00edculos, informes, reportajes, cr\u00f3nicas, semblanzas, notas breves, entrevistas\u00a0 -producido\u00a0 tanto por estudiantes de Periodismo Multimedia como de eventuales colaboradores profesionales \u2013 ofreciendo diferentes perspectivas de toda el \u00c1rea Metropolitana de Lima. CHIQAQ NEWS es, tambi\u00e9n, el sitio period\u00edstico \u2013que no compite con otros medios- que cubre todas aquellas <em>\u201cnoticias que merecen ser comentadas y enlazadas e informando de lo que verdaderamente interesa\u201d<\/em> (Jes\u00fas Flores, 2012).<\/p>\n\n\n\n<p style=\"text-align:justify\">Esperamos que ustedes \u2013 nuestros\ncolaboradores, nuestros socios, nuestros vecinos \u2013 se unan a este proyecto de\nperiodismo hiperlocal del \u00c1rea Metropolitana de Lima.<\/p>\n\n\n\n<p>El Editor<\/p>\n","protected":false},"excerpt":{"rendered":"<p>CHIQAQ NEWS es una publicaci\u00f3n hiperlocal promovida y creada en 2020 y concebida como plataforma de pr\u00e1cticas de la asignatura de Periodismo Multimedia. CHIQAQ NEWS nace con la pretensi\u00f3n de ser un experimento de colaboraci\u00f3n entre unidades de docencia e investigaci\u00f3n (el Departamento de Comunicaci\u00f3n Social y el Medialab-UNMSM) de la Universidad Nacional Mayor de [&hellip;]<\/p>\n","protected":false},"author":1,"featured_media":0,"parent":0,"menu_order":0,"comment_status":"closed","ping_status":"closed","template":"","meta":[],"_links":{"self":[{"href":"https:\/\/medialab.unmsm.edu.pe\/chiqaqnews\/wp-json\/wp\/v2\/pages\/1485"}],"collection":[{"href":"https:\/\/medialab.unmsm.edu.pe\/chiqaqnews\/wp-json\/wp\/v2\/pages"}],"about":[{"href":"https:\/\/medialab.unmsm.edu.pe\/chiqaqnews\/wp-json\/wp\/v2\/types\/page"}],"author":[{"embeddable":true,"href":"https:\/\/medialab.unmsm.edu.pe\/chiqaqnews\/wp-json\/wp\/v2\/users\/1"}],"replies":[{"embeddable":true,"href":"https:\/\/medialab.unmsm.edu.pe\/chiqaqnews\/wp-json\/wp\/v2\/comments?post=1485"}],"version-history":[{"count":10,"href":"https:\/\/medialab.unmsm.edu.pe\/chiqaqnews\/wp-json\/wp\/v2\/pages\/1485\/revisions"}],"predecessor-version":[{"id":8587,"href":"https:\/\/medialab.unmsm.edu.pe\/chiqaqnews\/wp-json\/wp\/v2\/pages\/1485\/revisions\/8587"}],"wp:attachment":[{"href":"https:\/\/medialab.unmsm.edu.pe\/chiqaqnews\/wp-json\/wp\/v2\/media?parent=1485"}],"curies":[{"name":"wp","href":"https:\/\/api.w.org\/{rel}","templated":true}]}}