{"id":1487,"date":"2020-07-01T23:22:37","date_gmt":"2020-07-01T21:22:37","guid":{"rendered":"https:\/\/medialab.unmsm.edu.pe\/chiqaqnews\/?page_id=1487"},"modified":"2020-09-07T21:17:03","modified_gmt":"2020-09-08T02:17:03","slug":"objetivos","status":"publish","type":"page","link":"https:\/\/medialab.unmsm.edu.pe\/chiqaqnews\/objetivos\/","title":{"rendered":"Objetivos"},"content":{"rendered":"\n<p style=\"text-align:justify\">CHIQAQ NEWS tiene por objetivo, fomentar la colaboraci\u00f3n period\u00edstica con un tercer socio: los vecinos del \u00e1rea de Lima Metropolitana. Esta publicaci\u00f3n hiperlocal est\u00e1 dise\u00f1ado para reflejar los intereses de los barrios y distritos de la Provincia de Lima y Provincia Constitucional del Callao (que juntos albergan 50 distritos), informar sobre sus problemas y preocupaciones, dar voz a su gente como foro p\u00fablico y crear un espacio en Internet para que los vecinos de Lima puedan contar historias sobre s\u00ed mismos. Y los estudiantes de Periodismo Multimedia de la Escuela Profesional de Comunicaci\u00f3n Social (FLCH-UNMSM) se erigen, a trav\u00e9s de sus notas period\u00edsticas, en catalizadores de esa preocupaci\u00f3n ciudadana. CHIQAQ NEWS no tiene una l\u00ednea ideol\u00f3gica, pol\u00edtica, econ\u00f3mica o religiosa, por lo que los contenidos publicados en esta plataforma son de responsabilidad exclusiva de sus autores\/as y, en ning\u00fan caso, constituyen la opini\u00f3n de esta publicaci\u00f3n hiperlocal.<\/p>\n\n\n\n<p style=\"text-align:justify\">El \u00e1rea de cobertura de CHIQAQ NEWS \u2013 que se extiende, principalmente, a todos los distritos de residencia de los estudiantes en el per\u00edmetro de Lima Metropolitana \u2013 es el hogar de m\u00e1s de 10 millones de personas y cuenta con una blogosfera robusta, consolidada y expansiva. \u00bfQu\u00e9 podemos aportar al conocimiento de los ciudadanos? Primero, respeto y aprecio por nuestros vecinos; los recursos acad\u00e9micos e intelectuales de la UNMSM, la vasta experiencia period\u00edstica y alto nivel profesional y el compromiso de hacer todo lo posible para reflejar la riqueza cultural de la vida en la metr\u00f3poli de Lima.<\/p>\n\n\n\n<p style=\"text-align:justify\">Los contenidos que se publican en CHIQAQ NEWS,\nincluyen informaciones sobre el arte, la cultura, innovaci\u00f3n, el crimen, las\nfinanzas, espect\u00e1culos, el deporte, la moda, el medio ambiente, los negocios y\nla educaci\u00f3n, aspectos que definen e interesan a todos los ciudadanos de\nnuestra ciudad. Las historias que contamos en CHIQAQ NEWS son extra\u00eddas de\nhechos demostrables, verificables y que est\u00e1n&nbsp;\nfuertemente enfocados en la Lima, las tres veces coronada Ciudad de los\nReyes, en los barrios y distritos que no pueden ser cubiertos por los\nperi\u00f3dicos u otro medio de comunicaci\u00f3n.<\/p>\n\n\n<p><!--EndFragment--><\/p>","protected":false},"excerpt":{"rendered":"<p>CHIQAQ NEWS tiene por objetivo, fomentar la colaboraci\u00f3n period\u00edstica con un tercer socio: los vecinos del \u00e1rea de Lima Metropolitana. Esta publicaci\u00f3n hiperlocal est\u00e1 dise\u00f1ado para reflejar los intereses de los barrios y distritos de la Provincia de Lima y Provincia Constitucional del Callao (que juntos albergan 50 distritos), informar sobre sus problemas y preocupaciones, [&hellip;]<\/p>\n","protected":false},"author":1,"featured_media":0,"parent":0,"menu_order":0,"comment_status":"closed","ping_status":"closed","template":"","meta":[],"_links":{"self":[{"href":"https:\/\/medialab.unmsm.edu.pe\/chiqaqnews\/wp-json\/wp\/v2\/pages\/1487"}],"collection":[{"href":"https:\/\/medialab.unmsm.edu.pe\/chiqaqnews\/wp-json\/wp\/v2\/pages"}],"about":[{"href":"https:\/\/medialab.unmsm.edu.pe\/chiqaqnews\/wp-json\/wp\/v2\/types\/page"}],"author":[{"embeddable":true,"href":"https:\/\/medialab.unmsm.edu.pe\/chiqaqnews\/wp-json\/wp\/v2\/users\/1"}],"replies":[{"embeddable":true,"href":"https:\/\/medialab.unmsm.edu.pe\/chiqaqnews\/wp-json\/wp\/v2\/comments?post=1487"}],"version-history":[{"count":4,"href":"https:\/\/medialab.unmsm.edu.pe\/chiqaqnews\/wp-json\/wp\/v2\/pages\/1487\/revisions"}],"predecessor-version":[{"id":8588,"href":"https:\/\/medialab.unmsm.edu.pe\/chiqaqnews\/wp-json\/wp\/v2\/pages\/1487\/revisions\/8588"}],"wp:attachment":[{"href":"https:\/\/medialab.unmsm.edu.pe\/chiqaqnews\/wp-json\/wp\/v2\/media?parent=1487"}],"curies":[{"name":"wp","href":"https:\/\/api.w.org\/{rel}","templated":true}]}}