{"id":1503,"date":"2020-07-06T21:10:17","date_gmt":"2020-07-06T19:10:17","guid":{"rendered":"https:\/\/medialab.unmsm.edu.pe\/chiqaqnews\/?page_id=1503"},"modified":"2020-09-07T21:14:29","modified_gmt":"2020-09-08T02:14:29","slug":"acerca-de","status":"publish","type":"page","link":"https:\/\/medialab.unmsm.edu.pe\/chiqaqnews\/acerca-de\/","title":{"rendered":"Acerca de"},"content":{"rendered":"\n<p style=\"text-align:justify\">Chiqaq &nbsp;es una palabra quechua que significa verdad,\nevidencia, cierto. Y estos son los valores en los que se afianza las noticias\n(news) de esta iniciativa informativa que a modo de laboratorio potencia el\ndesarrollo del nuevo periodismo y una nueva ecolog\u00eda de medios.<\/p>\n\n\n\n<p style=\"text-align:justify\">CHIQAQ NEWS es una publicaci\u00f3n cuyos\ncontenidos son realizados por los\/as alumnos\/as de Periodismo Multimedia de la\nEscuela Profesional de Comunicaci\u00f3n Social de la Universidad Nacional Mayor de\nSan Marcos. Tiene por objetivo servir de plataforma de pr\u00e1cticas del periodismo\nprofesional potenciando el hiperlocalismo en todas sus variantes as\u00ed como las\ndiversas \u00e1reas tem\u00e1ticas de los medios de informaci\u00f3n period\u00edstica. Por tanto,\nsus contenidos corresponden a hechos, noticias e historias period\u00edsticas\nlocales que ocurren en los distritos de Lima Metropolitana.&nbsp; En este contexto, la producci\u00f3n y publicaci\u00f3n\nde contenidos en CHIQAQ NEWS responden a todas las t\u00e9cnicas y valores propios\ndel periodismo. Al mismo tiempo, es un sitio web de fomento de la innovaci\u00f3n, apropiaci\u00f3n\nde la tecnolog\u00eda multimedia, uso de t\u00e9cnicas de la realidad inmersiva, de la narrativa\ntransmedi\u00e1tica y del periodismo de datos <\/p>\n","protected":false},"excerpt":{"rendered":"<p>Chiqaq &nbsp;es una palabra quechua que significa verdad, evidencia, cierto. Y estos son los valores en los que se afianza las noticias (news) de esta iniciativa informativa que a modo de laboratorio potencia el desarrollo del nuevo periodismo y una nueva ecolog\u00eda de medios. CHIQAQ NEWS es una publicaci\u00f3n cuyos contenidos son realizados por los\/as [&hellip;]<\/p>\n","protected":false},"author":1,"featured_media":0,"parent":0,"menu_order":0,"comment_status":"closed","ping_status":"closed","template":"","meta":[],"_links":{"self":[{"href":"https:\/\/medialab.unmsm.edu.pe\/chiqaqnews\/wp-json\/wp\/v2\/pages\/1503"}],"collection":[{"href":"https:\/\/medialab.unmsm.edu.pe\/chiqaqnews\/wp-json\/wp\/v2\/pages"}],"about":[{"href":"https:\/\/medialab.unmsm.edu.pe\/chiqaqnews\/wp-json\/wp\/v2\/types\/page"}],"author":[{"embeddable":true,"href":"https:\/\/medialab.unmsm.edu.pe\/chiqaqnews\/wp-json\/wp\/v2\/users\/1"}],"replies":[{"embeddable":true,"href":"https:\/\/medialab.unmsm.edu.pe\/chiqaqnews\/wp-json\/wp\/v2\/comments?post=1503"}],"version-history":[{"count":4,"href":"https:\/\/medialab.unmsm.edu.pe\/chiqaqnews\/wp-json\/wp\/v2\/pages\/1503\/revisions"}],"predecessor-version":[{"id":1508,"href":"https:\/\/medialab.unmsm.edu.pe\/chiqaqnews\/wp-json\/wp\/v2\/pages\/1503\/revisions\/1508"}],"wp:attachment":[{"href":"https:\/\/medialab.unmsm.edu.pe\/chiqaqnews\/wp-json\/wp\/v2\/media?parent=1503"}],"curies":[{"name":"wp","href":"https:\/\/api.w.org\/{rel}","templated":true}]}}