{"id":4145,"date":"2020-11-13T21:59:48","date_gmt":"2020-11-14T02:59:48","guid":{"rendered":"https:\/\/medialab.unmsm.edu.pe\/chiqaqnews\/?page_id=4145"},"modified":"2021-01-22T10:20:21","modified_gmt":"2021-01-22T15:20:21","slug":"area-periodismo","status":"publish","type":"page","link":"https:\/\/medialab.unmsm.edu.pe\/chiqaqnews\/area-periodismo\/","title":{"rendered":"Secci\u00f3n III-TIC"},"content":{"rendered":"\n<p><strong><a href=\"https:\/\/medialab.unmsm.edu.pe\/chiqaqnews\/author\/angie-chipana-cabrera\/\">Chipana Cabrera, Angie<\/a><\/strong><\/p>\n\n\n\n<div class=\"wp-block-image\"><figure class=\"alignleft is-resized\"><img decoding=\"async\" loading=\"lazy\" src=\"https:\/\/medialab.unmsm.edu.pe\/chiqaqnews\/wp-content\/uploads\/2020\/11\/ANGIE-CHIPANA-1.jpg\" alt=\"\" class=\"wp-image-4218\" width=\"84\" height=\"108\" srcset=\"https:\/\/medialab.unmsm.edu.pe\/chiqaqnews\/wp-content\/uploads\/2020\/11\/ANGIE-CHIPANA-1.jpg 719w, https:\/\/medialab.unmsm.edu.pe\/chiqaqnews\/wp-content\/uploads\/2020\/11\/ANGIE-CHIPANA-1-232x300.jpg 232w\" sizes=\"(max-width: 84px) 100vw, 84px\" \/><\/figure><\/div>\n\n\n\n<p style=\"text-align:justify\">Nac\u00ed en Lima, espec\u00edficamente en el distrito El Agustino. Estudiante de 20 a\u00f1os, curso estudios de cuarto grado de la carrera de Comunicaci\u00f3n Social, especialidad de Comunicaci\u00f3n Audiovisual, en la Universidad Nacional Mayor de San Marcos. Durante un tiempo form\u00f3 parte de un club de dibujo dentro de la facultad de Letras. Amante de todo tipo de arte, especialmente de las pl\u00e1sticas. Fascinada por la m\u00fasica folk, indie y rock de los 70\u00b4s y 80\u00b4s, el dibujo y la pintura, lectura de terror y las obras te teatro musical. Ahora enfocada en este proyecto de aprendizaje respecto a la cultura digital.<\/p>\n\n\n\n<hr class=\"wp-block-separator\"\/>\n\n\n\n<p><strong>Espinoza Huamani, Yessenia<\/strong><\/p>\n\n\n\n<div class=\"wp-block-image\"><figure class=\"alignleft is-resized\"><img decoding=\"async\" loading=\"lazy\" src=\"https:\/\/medialab.unmsm.edu.pe\/chiqaqnews\/wp-content\/uploads\/2020\/11\/MINIBIOGRAF\u00cdA.jpg\" alt=\"\" class=\"wp-image-4332\" width=\"96\" height=\"96\"\/><\/figure><\/div>\n\n\n\n<p style=\"text-align:justify\">Soy Yessenia Espinoza y tengo 25 a\u00f1os. Mi pasi\u00f3n son los audiovisuales y es la especialidad que estudio en la&nbsp; UNMSM. Amo dise\u00f1ar y crear cosas, lograr transmitir mensajes con piezas producto de mi creatividad e ingenio. Quiero aportar estas ideas en este proyecto cultural y defender la chiqaq (verdad). <\/p>\n\n\n\n<hr class=\"wp-block-separator\"\/>\n\n\n\n<p><strong><a href=\"https:\/\/medialab.unmsm.edu.pe\/chiqaqnews\/author\/fernando-espinoza-jara\/\" class=\"ek-link\">Espinoza Jara, Fernando<\/a><\/strong><\/p>\n\n\n\n<div class=\"wp-block-image\"><figure class=\"alignleft is-resized\"><img decoding=\"async\" loading=\"lazy\" src=\"https:\/\/medialab.unmsm.edu.pe\/chiqaqnews\/wp-content\/uploads\/2020\/11\/Fernando-Espinoza-1-767x1024.jpg\" alt=\"\" class=\"wp-image-4220\" width=\"83\" height=\"111\" srcset=\"https:\/\/medialab.unmsm.edu.pe\/chiqaqnews\/wp-content\/uploads\/2020\/11\/Fernando-Espinoza-1-767x1024.jpg 767w, https:\/\/medialab.unmsm.edu.pe\/chiqaqnews\/wp-content\/uploads\/2020\/11\/Fernando-Espinoza-1-225x300.jpg 225w, https:\/\/medialab.unmsm.edu.pe\/chiqaqnews\/wp-content\/uploads\/2020\/11\/Fernando-Espinoza-1-768x1025.jpg 768w, https:\/\/medialab.unmsm.edu.pe\/chiqaqnews\/wp-content\/uploads\/2020\/11\/Fernando-Espinoza-1.jpg 960w\" sizes=\"(max-width: 83px) 100vw, 83px\" \/><\/figure><\/div>\n\n\n\n<p style=\"text-align:justify\">Nac\u00ed en distrito de Huacho, ciudad perteneciente a la Provincia de Huaura. Actualmente estoy en el cuarto ciclo de la carrera de Comunicaci\u00f3n Social, tengo intenciones de especializarme en Comunicaci\u00f3n organizacional, en la Universidad Nacional Mayor de San Marcos. Hace aproximadamente dos a\u00f1os formaba parte de un equipo de 2da divisi\u00f3n en mi ciudad, luego de ello me retir\u00e9 de ese pasatiempo por un accidente, me enfoqu\u00e9 en la lectura a partir de eso, tengo gusto por la m\u00fasica y una necesidad por descubrir y nutrirme de todo tipo de g\u00e9nero musical.<\/p>\n\n\n\n<hr class=\"wp-block-separator\"\/>\n\n\n\n<p><strong><a href=\"https:\/\/medialab.unmsm.edu.pe\/chiqaqnews\/author\/camila-gallegos-marquina\/\" class=\"ek-link\">Gallegos Marquina, Camila Ariana<\/a><\/strong><\/p>\n\n\n\n<div class=\"wp-block-image\"><figure class=\"alignleft is-resized\"><img decoding=\"async\" loading=\"lazy\" src=\"https:\/\/medialab.unmsm.edu.pe\/chiqaqnews\/wp-content\/uploads\/2020\/11\/FOTO-4-1008x1024.jpg\" alt=\"\" class=\"wp-image-4334\" width=\"96\" height=\"96\" srcset=\"https:\/\/medialab.unmsm.edu.pe\/chiqaqnews\/wp-content\/uploads\/2020\/11\/FOTO-4-150x150.jpg 150w, https:\/\/medialab.unmsm.edu.pe\/chiqaqnews\/wp-content\/uploads\/2020\/11\/FOTO-4-540x540.jpg 540w, https:\/\/medialab.unmsm.edu.pe\/chiqaqnews\/wp-content\/uploads\/2020\/11\/FOTO-4.jpg 1105w\" sizes=\"(max-width: 96px) 100vw, 96px\" \/><\/figure><\/div>\n\n\n\n<p style=\"text-align:justify\">Nac\u00ed en Callao, Per\u00fa. Estudiante de 20 a\u00f1os. Curso el sexto ciclo de la carrera de Comunicaci\u00f3n Social, en la especialidad en Comunicaci\u00f3n Organizacional en la Universidad Nacional Mayor de San Marcos (UNMSM). Con diploma de ingl\u00e9s intermedio\/avanzado (B2) validado por la Universidad de Cambridge (FCE). Trabajo como community manager en una empresa de art\u00edculos decorativos y de regalo. Cuento con un diplomado de Marketing Digital del Instituto Peruano de Administraci\u00f3n de Empresas (IPAE). Amante de los viajes. Me encuentro rumbo a crear mi propio emprendimiento.<\/p>\n\n\n\n<hr class=\"wp-block-separator\"\/>\n\n\n\n<p><strong><a href=\"https:\/\/medialab.unmsm.edu.pe\/chiqaqnews\/author\/luis-grande-ramos\/\" class=\"ek-link\">Grande Ramos, Luis<\/a><\/strong><\/p>\n\n\n\n<div class=\"wp-block-image\"><figure class=\"alignleft is-resized\"><img decoding=\"async\" loading=\"lazy\" src=\"https:\/\/medialab.unmsm.edu.pe\/chiqaqnews\/wp-content\/uploads\/2020\/11\/LuisGrandeRamos.png\" alt=\"\" class=\"wp-image-4177\" width=\"84\" height=\"93\" srcset=\"https:\/\/medialab.unmsm.edu.pe\/chiqaqnews\/wp-content\/uploads\/2020\/11\/LuisGrandeRamos.png 499w, https:\/\/medialab.unmsm.edu.pe\/chiqaqnews\/wp-content\/uploads\/2020\/11\/LuisGrandeRamos-270x300.png 270w\" sizes=\"(max-width: 84px) 100vw, 84px\" \/><\/figure><\/div>\n\n\n\n<p style=\"text-align:justify\">Nac\u00ed en Lima. Estudiante de 26 a\u00f1os. Curso estudios de decimo grado de la carrera de Comunicaci\u00f3n Social, especialidad de Comunicaci\u00f3n Organizacional, en la Universidad Nacional Mayor de San Marcos. Hubo un tiempo en que form\u00e9 parte del equipo de comunicaciones de una instituci\u00f3n del gobierno donde realizaba dise\u00f1os, videos institucionales, organizaci\u00f3n de eventos, fotograf\u00edas y creaci\u00f3n de contenido multimedia para las redes sociales y eventos corporativos. Asimismo, formo parte del equipo de marketing de una agencia inmobiliaria donde me encargo de la l\u00ednea gr\u00e1fica, gesti\u00f3n de presentaciones y el contenido digital de la entidad. Amante de la arquitectura de ciudades y de las culturas del mundo. Un gusto competitivo por el deporte y amante de bailes tanto cl\u00e1sicos como modernos. Ahora embarcado en ideas de cultura digital.<\/p>\n\n\n\n<hr class=\"wp-block-separator\"\/>\n\n\n\n<p><strong>Oliva Flores,  Antonio Manuel <\/strong> <\/p>\n\n\n\n<div class=\"wp-block-image\"><figure class=\"alignleft is-resized\"><img decoding=\"async\" loading=\"lazy\" src=\"https:\/\/medialab.unmsm.edu.pe\/chiqaqnews\/wp-content\/uploads\/2020\/11\/Antonio_Oliva.jpg\" alt=\"\" class=\"wp-image-4176\" width=\"99\" height=\"99\"\/><\/figure><\/div>\n\n\n\n<p style=\"text-align:justify\">Nac\u00ed en Lima. Estudiante de 20 a\u00f1os. Curso estudios de sexto grado de la carrera de Comunicaci\u00f3n Social, especialidad de Periodismo en la Universidad Nacional Mayor de San Marcos. En la secundar\u00eda pertenec\u00ed a un grupo de informaci\u00f3n, donde redact\u00e1bamos y compart\u00edamos informes sobre las noticias m\u00e1s importantes de las semanas. Mis pasatiempos son la lectura y los deportes.<\/p>\n\n\n\n<hr class=\"wp-block-separator\"\/>\n\n\n\n<p><strong><a href=\"https:\/\/medialab.unmsm.edu.pe\/chiqaqnews\/author\/mary-pompa-lopez\/\" class=\"ek-link\">Pompa L\u00f3pez, Mary<\/a><\/strong><\/p>\n\n\n\n<div class=\"wp-block-image\"><figure class=\"alignleft is-resized\"><img decoding=\"async\" loading=\"lazy\" src=\"https:\/\/medialab.unmsm.edu.pe\/chiqaqnews\/wp-content\/uploads\/2020\/11\/Mary-Pompa.jpg\" alt=\"\" class=\"wp-image-4179\" width=\"93\" height=\"93\"\/><\/figure><\/div>\n\n\n\n<p style=\"text-align:justify\">Tengo 20 a\u00f1os, nac\u00ed en Cajamarca, tengo 3 hermanos y una hermana peque\u00f1a. Estudiante de la carrera de Comunicaci\u00f3n social, donde curso el 4 ciclo, especialidad de audiovisual, en la Universidad Nacional Mayor de San Marcos; para la cual me prepar\u00e9 2 a\u00f1os. Desde los 8 a\u00f1os pertenezco a la Iglesia Adventista del S\u00e9ptimo D\u00eda. Me gusta tocar el viol\u00edn, aunque no tenga todo el conocimiento y lo que quiero hacer ahora es terminar mi carrera y tener conocimientos suficientes para desenvolverme en el trabajo. <\/p>\n\n\n\n<hr class=\"wp-block-separator\"\/>\n\n\n\n<p><strong><a href=\"https:\/\/medialab.unmsm.edu.pe\/chiqaqnews\/author\/daniela-veliz-gonzales\/\" class=\"ek-link\">Veliz Gonz\u00e1lez, Daniela<\/a><\/strong><\/p>\n\n\n\n<div class=\"wp-block-image\"><figure class=\"alignleft is-resized\"><img decoding=\"async\" loading=\"lazy\" src=\"https:\/\/medialab.unmsm.edu.pe\/chiqaqnews\/wp-content\/uploads\/2020\/11\/EXXA2450.jpg\" alt=\"\" class=\"wp-image-4335\" width=\"95\" height=\"95\" srcset=\"https:\/\/medialab.unmsm.edu.pe\/chiqaqnews\/wp-content\/uploads\/2020\/11\/EXXA2450.jpg 750w, https:\/\/medialab.unmsm.edu.pe\/chiqaqnews\/wp-content\/uploads\/2020\/11\/EXXA2450-150x150.jpg 150w, https:\/\/medialab.unmsm.edu.pe\/chiqaqnews\/wp-content\/uploads\/2020\/11\/EXXA2450-300x300.jpg 300w, https:\/\/medialab.unmsm.edu.pe\/chiqaqnews\/wp-content\/uploads\/2020\/11\/EXXA2450-540x540.jpg 540w\" sizes=\"(max-width: 95px) 100vw, 95px\" \/><\/figure><\/div>\n\n\n\n<p style=\"text-align:justify\">Nac\u00ed en Lima, Per\u00fa. Estudiante de 21 a\u00f1os. Curso el 6to grado de la carrera de Comunicaci\u00f3n Social, especialidad en Comunicaci\u00f3n Organizacional en la Universidad Nacional Mayor de San Marcos. Y estudiante de ingl\u00e9s avanzado en el Instituto Peruano Norteamericano (ICPNA). Hubo un tiempo en el que trabaj\u00e9 como corresponsal de la revista Vivir bien para la secci\u00f3n sociedad donde publicaban las fotograf\u00edas de los eventos relacionados al bicentenario del Per\u00fa. Amante de la danza y el canto. Ahora embarcada en el proyecto de cultura digital.<\/p>\n\n\n\n<hr class=\"wp-block-separator\"\/>\n","protected":false},"excerpt":{"rendered":"<p>Chipana Cabrera, Angie Nac\u00ed en Lima, espec\u00edficamente en el distrito El Agustino. Estudiante de 20 a\u00f1os, curso estudios de cuarto grado de la carrera de Comunicaci\u00f3n Social, especialidad de Comunicaci\u00f3n Audiovisual, en la Universidad Nacional Mayor de San Marcos. Durante un tiempo form\u00f3 parte de un club de dibujo dentro de la facultad de Letras. [&hellip;]<\/p>\n","protected":false},"author":1,"featured_media":0,"parent":0,"menu_order":0,"comment_status":"closed","ping_status":"closed","template":"","meta":[],"_links":{"self":[{"href":"https:\/\/medialab.unmsm.edu.pe\/chiqaqnews\/wp-json\/wp\/v2\/pages\/4145"}],"collection":[{"href":"https:\/\/medialab.unmsm.edu.pe\/chiqaqnews\/wp-json\/wp\/v2\/pages"}],"about":[{"href":"https:\/\/medialab.unmsm.edu.pe\/chiqaqnews\/wp-json\/wp\/v2\/types\/page"}],"author":[{"embeddable":true,"href":"https:\/\/medialab.unmsm.edu.pe\/chiqaqnews\/wp-json\/wp\/v2\/users\/1"}],"replies":[{"embeddable":true,"href":"https:\/\/medialab.unmsm.edu.pe\/chiqaqnews\/wp-json\/wp\/v2\/comments?post=4145"}],"version-history":[{"count":12,"href":"https:\/\/medialab.unmsm.edu.pe\/chiqaqnews\/wp-json\/wp\/v2\/pages\/4145\/revisions"}],"predecessor-version":[{"id":8630,"href":"https:\/\/medialab.unmsm.edu.pe\/chiqaqnews\/wp-json\/wp\/v2\/pages\/4145\/revisions\/8630"}],"wp:attachment":[{"href":"https:\/\/medialab.unmsm.edu.pe\/chiqaqnews\/wp-json\/wp\/v2\/media?parent=4145"}],"curies":[{"name":"wp","href":"https:\/\/api.w.org\/{rel}","templated":true}]}}