{"id":4409,"date":"2020-12-09T04:07:30","date_gmt":"2020-12-09T09:07:30","guid":{"rendered":"https:\/\/medialab.unmsm.edu.pe\/chiqaqnews\/?page_id=4409"},"modified":"2022-07-04T16:47:59","modified_gmt":"2022-07-04T21:47:59","slug":"estilo","status":"publish","type":"page","link":"https:\/\/medialab.unmsm.edu.pe\/chiqaqnews\/estilo\/","title":{"rendered":"Estilo"},"content":{"rendered":"\n<p style=\"text-align:center\"><strong>Normas de Estilo para la redacci\u00f3n y publicaci\u00f3n de art\u00edculos en<\/strong><\/p>\n\n\n\n<p style=\"text-align:center\"><strong> CHIQAQ NEWS<\/strong> <\/p>\n\n\n\n<p><strong>EDICI\u00d3N DE TEXTO <\/strong><\/p>\n\n\n\n<ol><li><strong><em>Chiqaq News<\/em><\/strong><em> <\/em>tiene por objetivo <strong>potenciar el hiperlocalismo<\/strong> (periodismo hiperlocal) y las \u00e1reas tem\u00e1ticas del periodismo. Es decir, los temas que se publican en <em>Chiqaq News<\/em>, incluyen informaciones locales de barrios y distritos de Lima sobre el <strong>arte, la cultura, la ciencia e innovaci\u00f3n, el crimen, las finanzas, espect\u00e1culos, el deporte, la moda, el ambiente, los negocios y la educaci\u00f3n<\/strong>, aspectos que definen e interesan a todos los ciudadanos residentes en Lima metropolitana que no pueden ser cubiertos por los peri\u00f3dicos u otro medio de comunicaci\u00f3n. Las historias period\u00edsticas son extra\u00eddas de hechos <strong>demostrables y verificables a trav\u00e9s de sus fuentes<\/strong>. Los g\u00e9neros utilizados son<strong> art\u00edculos, informes, reportajes, cr\u00f3nicas, semblanzas, breves y entrevistas.\u00a0<\/strong><\/li><li> Los textos deben ser <strong>p\u00e1rrafos cortos<\/strong>, entre 10-12 l\u00edneas. Hay que recordar que los lectores leen en pantalla y lo hacen en \u201cbarrido\u201d. Un texto largo conlleva una lectura cansada, farragosa, que, al mismo tiempo, aleja el inter\u00e9s del lector. <\/li><li>Los <strong>titulares <\/strong>no deben superar las veinte (20) palabras. Y el texto debe tener un <strong>m\u00ednimo de 500<\/strong> palabras.<\/li><li> La <strong>t\u00e9cnica m\u00e1s empleada<\/strong> para la elaboraci\u00f3n de una informaci\u00f3n consiste en enumerar las famosas seis \u201cWs\u201d (\u00bfqu\u00e9?, \u00bfqui\u00e9n?, \u00bfcu\u00e1ndo?, \u00bfd\u00f3nde?, \u00bfc\u00f3mo? y \u00bfporqu\u00e9?) y tratar de responder a cada una de ellas. <strong>Las respuestas a estas preguntas son imprescindibles <\/strong>para que haya noticia puesto que si faltar\u00e1 alguna (W), el lector no podr\u00eda comprender el hecho. Aunque el \u00bfc\u00f3mo? y el \u00bfporqu\u00e9? no son fundamentales si podemos incluirlos, mejor. Las mencionadas seis \u201cWs\u201d no necesariamente tienen que estar en la entradilla, ni siquiera las cuatro principales, ya que no se trata de un resumen de la informaci\u00f3n. <\/li><li>Independientemente de lo anterior, las noticias, art\u00edculos, notas, reportajes, deben ser en la medida de lo posible, atemporales Es decir, intentar que perduren en el tiempo. Para ello, es importante atribuir giros gramaticales como:<em> En vez de utilizar \u201cayer\u201d se puede utilizar \u201crecientemente\u201d. O frases como \u201cel pasado 4 de febrero de 2020, se produjo\u2026\u201d<\/em><\/li><li> Para la edici\u00f3n del texto se emplear\u00e1 la familia tipogr\u00e1fica Arial, cuerpo 11, interlineado 1.15 (independientemente de este estilo, la <strong>plantilla convertir\u00e1 cualquier otros estilos<\/strong> como Times o Calibri). <\/li><li>En la entradilla, el redactor debe destacar aquello que considera m\u00e1s relevante, <strong>resalt\u00e1ndolo con negrita.<\/strong> No cursiva. <\/li><li> Para la redacci\u00f3n de los art\u00edculos se puede acceder a: <strong>Manual de estilo Agencia EFE- Fundeu (Fundaci\u00f3n del Espa\u00f1ol Urgente) <a href=\"http:\/\/www.fundeu.es\/dudas\/\">http:\/\/www.fundeu.es\/dudas\/<\/a><\/strong> <\/li><li> Los textos <strong>deben citar siempre la fuente de informaci\u00f3n<\/strong>. Para ello, se puede <strong>hacer uso de hiperv\u00ednculos<\/strong>, pero sin demasiada profusi\u00f3n. En la medida de lo posible, escribir las fuentes consultadas en el pie de p\u00e1gina del art\u00edculo. <\/li><li>utilizar el <strong>Manual de Verificaci\u00f3n.<\/strong> Una gu\u00eda definitiva para verificar contenido digital al cubrir emergencias. <strong>Poynter Institute.<\/strong> Craig Silverman. Editor.  <a href=\"https:\/\/verificationhandbook.com\/book_es\/chapter1.php\">https:\/\/verificationhandbook.com\/book_es\/chapter1.php<\/a> <\/li><\/ol>\n\n\n\n<p><strong>IM\u00c1GENES \/ VIDEOS<\/strong><\/p>\n\n\n\n<ol><li><strong>Las im\u00e1genes<\/strong> son obligatorias y deben ser, en la medida de lo posible,<strong>  propias del autor\/a e ir acompa\u00f1adas <\/strong>de un pie de foto, indicando su autor\u00eda y\/o fuente y con las siguientes dimensiones: <strong>680 (ancho) x 374 (alto) pixeles<\/strong>. Si no se incluye imagen, se distorsiona la plantilla. <\/li><li>De la misma forma, los videos, se recomienda de autor\u00eda propia. Si son extra\u00eddos de YouTube o cualquier otro servidor, verificar que dicho video est\u00e9 libre de uso. Y siempre citando la fuente. <\/li><li><strong>Se recuerda que los textos, im\u00e1genes o videos son responsabilidad \u00fanica de su autor.<\/strong> <\/li><li>La revista est\u00e1 editada bajo una licencia de <strong>Creative Commons <\/strong>por      lo que sus contenidos se regir\u00e1n por este tipo de licencia: http:\/\/es.wikipedia.org\/wiki\/Licencias_Creative_Commons <\/li><\/ol>\n\n\n\n<p><strong>PUBLICACI\u00d3N <\/strong><\/p>\n\n\n\n<ol><li>El\/la alumno\/a acceder\u00e1 a la plataforma <em>Chiqaq News,<\/em> con su usuario y clave correspondiente que el Editor enviar\u00e1 a trav\u00e9s de la cuenta de usuario de correo institucional de la UNMSM o, a trav\u00e9s de Classroom. <\/li><li>El\/la autor\/a de cada art\u00edculo editar\u00e1 el contenido dentro de la plataforma y publicar\u00e1 el contenido, <strong>previa revisi\u00f3n del editor<\/strong> (salvo la autorizaci\u00f3n que se d\u00e9 para publicar sin revisi\u00f3n). <\/li><li>La <strong>hora de cierre del art\u00edculo <\/strong>se fija para el d\u00eda<strong> mi\u00e9rcoles, a las 00.00 hrs<\/strong>. de cada semana (lo que significa que los contenidos deben y pueden enviarse\/publicarse, todos los martes hasta las 23.00 hrs).  <\/li><li>El autor asume la autor\u00eda de sus creaciones en <strong><em>Chiqaq News<\/em><\/strong> como algo propio, sometiendo sus contenidos a las<strong> comprobaciones de Antiplagio en cualquier momento.<\/strong>\u00a0 <\/li><\/ol>\n","protected":false},"excerpt":{"rendered":"<p>Normas de Estilo para la redacci\u00f3n y publicaci\u00f3n de art\u00edculos en CHIQAQ NEWS EDICI\u00d3N DE TEXTO Chiqaq News tiene por objetivo potenciar el hiperlocalismo (periodismo hiperlocal) y las \u00e1reas tem\u00e1ticas del periodismo. Es decir, los temas que se publican en Chiqaq News, incluyen informaciones locales de barrios y distritos de Lima sobre el arte, la [&hellip;]<\/p>\n","protected":false},"author":1,"featured_media":0,"parent":0,"menu_order":0,"comment_status":"closed","ping_status":"closed","template":"","meta":[],"_links":{"self":[{"href":"https:\/\/medialab.unmsm.edu.pe\/chiqaqnews\/wp-json\/wp\/v2\/pages\/4409"}],"collection":[{"href":"https:\/\/medialab.unmsm.edu.pe\/chiqaqnews\/wp-json\/wp\/v2\/pages"}],"about":[{"href":"https:\/\/medialab.unmsm.edu.pe\/chiqaqnews\/wp-json\/wp\/v2\/types\/page"}],"author":[{"embeddable":true,"href":"https:\/\/medialab.unmsm.edu.pe\/chiqaqnews\/wp-json\/wp\/v2\/users\/1"}],"replies":[{"embeddable":true,"href":"https:\/\/medialab.unmsm.edu.pe\/chiqaqnews\/wp-json\/wp\/v2\/comments?post=4409"}],"version-history":[{"count":6,"href":"https:\/\/medialab.unmsm.edu.pe\/chiqaqnews\/wp-json\/wp\/v2\/pages\/4409\/revisions"}],"predecessor-version":[{"id":12808,"href":"https:\/\/medialab.unmsm.edu.pe\/chiqaqnews\/wp-json\/wp\/v2\/pages\/4409\/revisions\/12808"}],"wp:attachment":[{"href":"https:\/\/medialab.unmsm.edu.pe\/chiqaqnews\/wp-json\/wp\/v2\/media?parent=4409"}],"curies":[{"name":"wp","href":"https:\/\/api.w.org\/{rel}","templated":true}]}}