{"id":12773,"date":"2016-03-28T11:58:58","date_gmt":"2016-03-28T11:58:58","guid":{"rendered":"http:\/\/localhost\/wp32dev\/agile\/?page_id=12773"},"modified":"2021-09-13T03:00:59","modified_gmt":"2021-09-13T08:00:59","slug":"home","status":"publish","type":"page","link":"https:\/\/medialab.unmsm.edu.pe\/multitec\/","title":{"rendered":"Home"},"content":{"rendered":"<div id=\"pl-12773\"  class=\"panel-layout\" ><div id=\"pg-12773-0\"  class=\"panel-grid panel-has-style\" ><div class=\"lsow-row siteorigin-panels-stretch panel-row-style panel-row-style-for-12773-0\" data-stretch-type=\"full\" id=\"intro-slogan\" ><div id=\"pgc-12773-0-0\"  class=\"panel-grid-cell\" ><div id=\"panel-12773-0-0-0\" class=\"so-panel widget widget_sow-editor panel-first-child panel-last-child\" data-index=\"0\" ><div\n\t\t\t\n\t\t\tclass=\"so-widget-sow-editor so-widget-sow-editor-base\"\n\t\t\t\n\t\t>\n<div class=\"siteorigin-widget-tinymce textwidget\">\n\t<div class=\"slogan1 big\"><span class=\"highlight\">MultiTec<\/span><\/div>\n<div class=\"slogan1 big\">\"Multidisciplinariedad de la Tecnolog\u00eda, Educaci\u00f3n y Comunicaci\u00f3n\"<\/div>\n<\/div>\n<\/div><\/div><\/div><\/div><\/div><div id=\"pg-12773-1\"  class=\"panel-grid panel-no-style\" ><div id=\"pgc-12773-1-0\"  class=\"panel-grid-cell\" ><div id=\"panel-12773-1-0-0\" class=\"so-panel widget widget_media_image panel-first-child panel-last-child\" data-index=\"1\" ><img width=\"300\" height=\"105\" src=\"https:\/\/medialab.unmsm.edu.pe\/multitec\/wp-content\/uploads\/2021\/08\/LOGOMULTITEC-300x105.png\" class=\"image wp-image-13785  attachment-medium size-medium\" alt=\"\" decoding=\"async\" loading=\"lazy\" style=\"max-width: 100%; height: auto;\" srcset=\"https:\/\/medialab.unmsm.edu.pe\/multitec\/wp-content\/uploads\/2021\/08\/LOGOMULTITEC-300x105.png 300w, https:\/\/medialab.unmsm.edu.pe\/multitec\/wp-content\/uploads\/2021\/08\/LOGOMULTITEC.png 467w\" sizes=\"(max-width: 300px) 100vw, 300px\" \/><\/div><\/div><div id=\"pgc-12773-1-1\"  class=\"panel-grid-cell\" ><div id=\"panel-12773-1-1-0\" class=\"so-panel widget widget_siteorigin-panels-builder panel-first-child panel-last-child\" data-index=\"2\" ><div id=\"pl-w612eefd4822b7\"  class=\"panel-layout\" ><div id=\"pg-w612eefd4822b7-0\"  class=\"panel-grid panel-no-style\" ><div id=\"pgc-w612eefd4822b7-0-0\"  class=\"panel-grid-cell\" ><div id=\"panel-w612eefd4822b7-0-0-0\" class=\"widget_text so-panel widget widget_custom_html panel-first-child\" data-index=\"0\" ><div class=\"textwidget custom-html-widget\"><div style=\"text-align:justify;\">\n\tEl proyecto MultiTEC (\u201cInnovaciones tecno-edu-comunicacionales para la optimizaci\u00f3n de ciberaprendizajes y aportes a la investigaci\u00f3n acad\u00e9mica en entornos urbanos y rurales del Per\u00fa\u201d) estudia y analiza las iniciativas docentes que se dan en las universidades con la impartici\u00f3n de clases a distancia as\u00ed como la actividad investigadora de los centros de desarrollo regional (CDR) que no se detiene ante el contexto de pandemia mundial por Covid-19. \n<\/div><\/div><\/div><div id=\"panel-w612eefd4822b7-0-0-1\" class=\"so-panel widget widget_mo-button panel-last-child\" data-index=\"1\" ><div\n\t\t\t\n\t\t\tclass=\"so-widget-mo-button so-widget-mo-button-default-d75171398898\"\n\t\t\t\n\t\t><div style=\"text-align:center;float:center;\"><a class= \"button  orange large\" href=\"#\" target=\"_blank\">M\u00e1s de nosotros<\/a><\/div><\/div><\/div><\/div><\/div><\/div><\/div><\/div><\/div><div id=\"pg-12773-2\"  class=\"panel-grid panel-has-style\" ><div class=\"lsow-row features-list-alternate siteorigin-panels-stretch panel-row-style panel-row-style-for-12773-2\" data-stretch-type=\"full\" id=\"services\" ><div id=\"pgc-12773-2-0\"  class=\"panel-grid-cell\" ><div id=\"panel-12773-2-0-0\" class=\"so-panel widget widget_mo-heading panel-first-child\" data-index=\"3\" ><div\n\t\t\t\n\t\t\tclass=\"so-widget-mo-heading so-widget-mo-heading-default-d75171398898-12773\"\n\t\t\t\n\t\t>\n<div class=\"heading2\"><h2 class=\"title\">DTeacher<\/h2><div class=\"pitch\">Aplicativo oficial del proyecto MultiTec<\/div><\/div><\/div><\/div><div id=\"panel-12773-2-0-1\" class=\"so-panel widget widget_siteorigin-panels-builder panel-last-child\" data-index=\"4\" ><div id=\"pl-w61286ce03316a\"  class=\"panel-layout\" ><div id=\"pg-w61286ce03316a-0\"  class=\"panel-grid panel-no-style\" ><div id=\"pgc-w61286ce03316a-0-0\"  class=\"panel-grid-cell\" ><div id=\"panel-w61286ce03316a-0-0-0\" class=\"widget_text so-panel widget widget_custom_html panel-first-child\" data-index=\"0\" ><div class=\"textwidget custom-html-widget\"><div style=\"text-align:justify;\">\n\tEste aplicativo es solo para uso docente. Una vez que se haga clic en el boton de descarga se le redigir\u00e1 hacia un formulario. Una vez aprobado, se le enviar\u00e1 el instalador al correo.\n<\/div><\/div><\/div><div id=\"panel-w61286ce03316a-0-0-1\" class=\"so-panel widget widget_mo-button panel-last-child\" data-index=\"1\" ><div\n\t\t\t\n\t\t\tclass=\"so-widget-mo-button so-widget-mo-button-default-d75171398898\"\n\t\t\t\n\t\t><div style=\"text-align:center;float:center;\"><a class= \"button  orange large\" href=\"https:\/\/medialab.unmsm.edu.pe\/multitec\/dteacher\/\" target=\"_blank\">Obtener aplicativo<\/a><\/div><\/div><\/div><\/div><\/div><\/div><\/div><\/div><\/div><\/div><div id=\"pg-12773-3\"  class=\"panel-grid panel-has-style\" ><div class=\"lsow-row siteorigin-panels-stretch panel-row-style panel-row-style-for-12773-3\" data-stretch-type=\"full\" id=\"team2\" ><div id=\"pgc-12773-3-0\"  class=\"panel-grid-cell\" ><div id=\"panel-12773-3-0-0\" class=\"so-panel widget widget_mo-heading panel-first-child\" data-index=\"5\" ><div\n\t\t\t\n\t\t\tclass=\"so-widget-mo-heading so-widget-mo-heading-default-d75171398898-12773\"\n\t\t\t\n\t\t>\n<div class=\"heading2\" style=\"text-align:left\"><h2 class=\"title\">Equipo<\/h2><\/div><\/div><\/div><div id=\"panel-12773-3-0-1\" class=\"so-panel widget widget_text panel-last-child\" data-index=\"6\" >\t\t\t<div class=\"textwidget\">\t\t<div class=\"wp-tsas-slider-wrap \">\r\n\t\t\t<div id=\"wp-tsas-slider-1\" class=\"wp_teamshowcase_slider  design-1\">\r\n\t\t\t\t\r\n<div class=\"team-slider \">\r\n\r\n\t\t\t<div class=\"teamshowcase-image-bg\">\r\n\t\t\t<img  src=\"https:\/\/medialab.unmsm.edu.pe\/multitec\/wp-content\/uploads\/2021\/08\/CALDERON.png\" alt=\"HUGO DAVID CALDER\u00d3N VILCA\" \/>\r\n\t\t\t\t\t<\/div>\r\n\t\r\n\t<div class=\"member-content\">\r\n\t\t<div class=\"member-name\">HUGO DAVID CALDER\u00d3N VILCA<\/div>\r\n\t\t\r\n\t\t<div class=\"member-desc\"> \r\n\t\t\t<p>Doctor en ciencias de la computaci\u00f3n y profesor investigador de la Universidad Nacional Mayor de San Marcos \u2013 Per\u00fa. Es miembro titular del grupo de investigaci\u00f3n \u201cInteligencia Artificial\u201d, profesor de pregrado y postgrado en el Departamento Acad\u00e9mico de Ingenier\u00eda de de Software de la Facultad de Ingenier\u00eda de Sistemas e Inform\u00e1tica-UNMSM. Es investigador dedicado a proyectos de investigaci\u00f3n multidisciplinarios relacionados con ingenier\u00eda de software e inteligencia artificial. Es investigador Renacyt-Concytec con c\u00f3digo: <a href=\"http:\/\/directorio.concytec.gob.pe\/appDirectorioCTI\/VerDatosInvestigador.do?id_investigador=4757\">P0004757<\/a><\/p>\n<p>Orcid: <a href=\"https:\/\/orcid.org\/0000-0002-1177-4947\">https:\/\/orcid.org\/0000-0002-1177-4947<\/a><\/p>\n<p>Scopus ID: <a href=\"https:\/\/www.scopus.com\/authid\/detail.uri?authorId=57208096312\">57208096312<\/a><\/p>\n<p>Web of Science ResearcherID: <a href=\"http:\/\/www.researcherid.com\/rid\/AAN-8564-2021\">AAN-8564-2021<\/a><\/p>\n \r\n\t\t<\/div>\r\n\t\t\t\t\t<div class=\"other-info\">\r\n\t\t\tEmail: hcalderonv@unmsm.edu.pe\t\t\t<\/div>\r\n\t\t\t<\/div>\r\n\r\n\t<\/div>\r\n<div class=\"team-slider \">\r\n\r\n\t\t\t<div class=\"teamshowcase-image-bg\">\r\n\t\t\t<img  src=\"https:\/\/medialab.unmsm.edu.pe\/multitec\/wp-content\/uploads\/2021\/07\/Alonso-Estrada.png\" alt=\"ALONSO ESTRADA CUZCANO\" \/>\r\n\t\t\t\t\t<\/div>\r\n\t\r\n\t<div class=\"member-content\">\r\n\t\t<div class=\"member-name\">ALONSO ESTRADA CUZCANO<\/div>\r\n\t\t\t\t<div class=\"member-job\"> \r\n\t\t\tMiembro investigador\t\t<\/div>\r\n\t\t\r\n\t\t<div class=\"member-desc\"> \r\n\t\t\t<p>Docente principal de la Universidad Nacional Mayor de San Marcos. Doctor en Documentaci\u00f3n por la Universidad Carlos III de Madrid, Espa\u00f1a. Bachiller y Licenciado en Bibliotecolog\u00eda y Ciencias de la Informaci\u00f3n. Director de la Revista <a href=\"http:\/\/revista.letras.unmsm.edu.pe\/index.php\/le\" target=\"_blank\" rel=\"noopener\">\u00abLetras\u00bb<\/a>. L\u00edneas de investigaci\u00f3n: Derecho a la informaci\u00f3n, \u00e9tica de la informaci\u00f3n y libertad intelectual. Calificado como investigador <a href=\"https:\/\/dina.concytec.gob.pe\/appDirectorioCTI\/VerDatosInvestigador.do?id_investigador=24402\" target=\"_blank\" rel=\"noopener\">CONCYTEC<\/a>. ORCID: <a href=\"https:\/\/orcid.org\/0000-0001-5039-1108\" target=\"_blank\" rel=\"noopener\">https:\/\/orcid.org\/0000-0001-5039-1108<\/a> \/ SCOPUS AUTHOR ID: <a href=\"https:\/\/www.scopus.com\/authid\/detail.uri?authorId=57195027900\" target=\"_blank\" rel=\"noopener\">57195027900<\/a><\/p>\n \r\n\t\t<\/div>\r\n\t\t\t\t\t<div class=\"other-info\">\r\n\t\t\tEmail: mestradac@unmsm.edu.pe\t\t\t<\/div>\r\n\t\t\t<\/div>\r\n\r\n\t<\/div>\r\n<div class=\"team-slider \">\r\n\r\n\t\t\t<div class=\"teamshowcase-image-bg\">\r\n\t\t\t<img  src=\"https:\/\/medialab.unmsm.edu.pe\/multitec\/wp-content\/uploads\/2013\/12\/Doris-Fuster.png\" alt=\"DORIS FUSTER GUILL\u00c9N\" \/>\r\n\t\t\t\t\t<\/div>\r\n\t\r\n\t<div class=\"member-content\">\r\n\t\t<div class=\"member-name\">DORIS FUSTER GUILL\u00c9N<\/div>\r\n\t\t\t\t<div class=\"member-job\"> \r\n\t\t\tMiembro investigador\t\t<\/div>\r\n\t\t\r\n\t\t<div class=\"member-desc\"> \r\n\t\t\t<p>Doctora en educaci\u00f3n, Gesti\u00f3n p\u00fablica y Gobernabilidad. Bachiller y Licenciada en Educaci\u00f3n. Post Doctoral \u201cEnrique Guzm\u00e1n y Valle\u201d. Asesora en investigaciones con metodolog\u00eda cualitativas y cuantitativas. Coordinadora General del Programa con el Banco Mundial. Es Docente Permanente de la Universidad Nacional Mayor de San Marcos. Calificada como Investigadora\u00a0<a href=\"https:\/\/ctivitae.concytec.gob.pe\/appDirectorioCTI\/VerDatosInvestigador.do?id_investigador=71450\" target=\"_blank\" rel=\"noopener\">CONCYTEC<\/a>. Categorizada como Carlos Monge. ORCID:\u00a0<a href=\"https:\/\/orcid.org\/0000-0002-7889-2243\" target=\"_blank\" rel=\"noopener\">https:\/\/orcid.org\/0000-0002-7889-2243<\/a>\u00a0\/ SCOPUS AUTHOR ID:\u00a0<a href=\"https:\/\/www.scopus.com\/authid\/detail.uri?authorId=57211783541\" target=\"_blank\" rel=\"noopener\">57211783541<\/a><\/p>\n \r\n\t\t<\/div>\r\n\t\t\t\t\t<div class=\"other-info\">\r\n\t\t\tEmail: dfusterg@unmsm.edu.pe\t\t\t<\/div>\r\n\t\t\t<\/div>\r\n\r\n\t<\/div>\r\n<div class=\"team-slider \">\r\n\r\n\t\t\t<div class=\"teamshowcase-image-bg\">\r\n\t\t\t<img  src=\"https:\/\/medialab.unmsm.edu.pe\/multitec\/wp-content\/uploads\/2013\/12\/Jacqueline-Oyarce-Cruz.png\" alt=\"JACQUELINE OYARCE CRUZ\" \/>\r\n\t\t\t\t\t<\/div>\r\n\t\r\n\t<div class=\"member-content\">\r\n\t\t<div class=\"member-name\">JACQUELINE OYARCE CRUZ<\/div>\r\n\t\t\t\t<div class=\"member-job\"> \r\n\t\t\tCorresponsable del proyecto\t\t<\/div>\r\n\t\t\r\n\t\t<div class=\"member-desc\"> \r\n\t\t\t<p>Coordinadora del Grupo de Investigaci\u00f3n MediaLab UNMSM. Docente principal de la Facultad de Letras y Ciencias Humanas de la Universidad Nacional Mayor de San Marcos, UNMSM. Doctora en Literatura Peruana y Latinoamericana; Magister en Educaci\u00f3n con menci\u00f3n en Evaluaci\u00f3n y Acreditaci\u00f3n de la Calidad de la Educaci\u00f3n; Bachiller y Licenciada en Comunicaci\u00f3n Social. L\u00ednea de investigaci\u00f3n OCDE: Periodismo y Comunicaci\u00f3n. \u00c1rea tem\u00e1tica: Medios y Comunicaci\u00f3n Social. Calificada como investigadora\u00a0<a href=\"https:\/\/dina.concytec.gob.pe\/appDirectorioCTI\/VerDatosInvestigador.do?id_investigador=10321\" target=\"_blank\" rel=\"noopener\">CONCYTEC<\/a>. ORCID:\u00a0<a href=\"https:\/\/orcid.org\/0000-0003-4445-1092\" target=\"_blank\" rel=\"noopener\">https:\/\/orcid.org\/0000-0003-4445-1092<\/a>\u00a0\/ SCOPUS AUTHOR ID:\u00a0<a href=\"https:\/\/www.scopus.com\/authid\/detail.uri?authorId=57205574186\" target=\"_blank\" rel=\"noopener\">57205574186<\/a><\/p>\n \r\n\t\t<\/div>\r\n\t\t\t\t\t<div class=\"other-info\">\r\n\t\t\tEmail: moyarcec@unmsm.edu.pe\t\t\t<\/div>\r\n\t\t\t<\/div>\r\n\r\n\t<\/div>\r\n<div class=\"team-slider \">\r\n\r\n\t\t\t<div class=\"teamshowcase-image-bg\">\r\n\t\t\t<img  src=\"https:\/\/medialab.unmsm.edu.pe\/multitec\/wp-content\/uploads\/2013\/12\/Jesus-Flores-Vivar.png\" alt=\"JES\u00daS FLORES VIVAR\" \/>\r\n\t\t\t\t\t<\/div>\r\n\t\r\n\t<div class=\"member-content\">\r\n\t\t<div class=\"member-name\">JES\u00daS FLORES VIVAR<\/div>\r\n\t\t\t\t<div class=\"member-job\"> \r\n\t\t\tResponsable del proyecto\t\t<\/div>\r\n\t\t\r\n\t\t<div class=\"member-desc\"> \r\n\t\t\t<p>Docente principal de la Facultad de Letras y Ciencias Humanas de la Universidad Nacional Mayor de San Marcos, UNMSM. Posdoctoral Scholar Researcher Complutense del Amo at University California Davis. Doctor en Periodismo por la Universidad Complutense de Madrid; Master en Informaci\u00f3n y Documentaci\u00f3n por la Universidad Carlos III de Madrid. Profesor invitado en el RCC en la Universidad de Harvard (Cambridge, MA. USA). Periodista, Blogger y analista de Nuevos Medios e Investigador Principal en diferentes proyectos de tipo digital y multimedia. Calificado como investigador CONCYTEC. ORCID:\u00a0<a href=\"https:\/\/orcid.org\/0000-0003-1849-5315\" target=\"_blank\" rel=\"noopener\">https:\/\/orcid.org\/0000-0003-1849-5315<\/a>\u00a0\/ SCOPUS AUTHOR ID:\u00a0<a href=\"https:\/\/www.scopus.com\/authid\/detail.uri?authorId=57094205100\" target=\"_blank\" rel=\"noopener\">57094205100<\/a><\/p>\n \r\n\t\t<\/div>\r\n\t\t\t\t\t<div class=\"other-info\">\r\n\t\t\tEmail: jfloresv@unmsm.edu.pe\t\t\t<\/div>\r\n\t\t\t<\/div>\r\n\r\n\t<\/div>\t\t\t<\/div>\r\n\t\t\t\t\t\t<div class=\"slider-conf-data\" data-conf=\"{&quot;slides_column&quot;:&quot;2&quot;,&quot;slides_scroll&quot;:1,&quot;dots&quot;:&quot;true&quot;,&quot;arrows&quot;:&quot;true&quot;,&quot;autoplay&quot;:&quot;true&quot;,&quot;autoplay_interval&quot;:&quot;400&quot;,&quot;speed&quot;:&quot;3000&quot;,&quot;lazyload&quot;:&quot;&quot;}\"><\/div>\r\n\t\t<\/div>\r\n\t\n<\/div>\n\t\t<\/div><\/div><\/div><\/div><div id=\"pg-12773-4\"  class=\"panel-grid panel-has-style\" ><div class=\"lsow-row showcase-section siteorigin-panels-stretch panel-row-style panel-row-style-for-12773-4\" data-stretch-type=\"full\" id=\"portfolio-section\" ><div id=\"pgc-12773-4-0\"  class=\"panel-grid-cell\" ><div id=\"panel-12773-4-0-0\" class=\"so-panel widget widget_mo-heading panel-first-child\" data-index=\"7\" ><div\n\t\t\t\n\t\t\tclass=\"so-widget-mo-heading so-widget-mo-heading-default-d75171398898-12773\"\n\t\t\t\n\t\t>\n<div class=\"heading2\" style=\"text-align:left;\"><h2 class=\"title\">Facultades participantes<\/h2><\/div><\/div><\/div><div id=\"panel-12773-4-0-1\" class=\"so-panel widget widget_mo-show-gallery panel-last-child\" data-index=\"8\" ><div\n\t\t\t\n\t\t\tclass=\"so-widget-mo-show-gallery so-widget-mo-show-gallery-default-d75171398898-12773\"\n\t\t\t\n\t\t>\n<div class=\"showcase-template\">\n\n    <div class=\"hfeed\">\n\n        \n            <ul class=\"showcase-items image-grid fitRows js-isotope\"\n                data-isotope-options='{ \"itemSelector\": \".showcase-item\", \"layoutMode\": \"fitRows\" }'>\n\n                                    <li data-id=\"id-13336\" class=\"showcase-item fourcol\">\n\n                        <article id=\"post-13336\" class=\"post-13336 gallery_item type-gallery_item status-publish has-post-thumbnail hentry gallery_category-facultad\">\n\n                            \n\n    <div class=\"image-area\">\n        <span class=\"image-info-buttons\">\n            <a class=\"lightbox-link\" data-gal=\"archive\"\n               title=\"Facultad de Letras y Ciencias Humanas\"\n               href=\"https:\/\/medialab.unmsm.edu.pe\/multitec\/wp-content\/uploads\/2012\/05\/FacuLCH.jpg\"><i\n                        class=\"lightbox icon-expand\"><\/i>\n            <\/a>\n        <\/span>\n        <a title=\"Facultad de Letras y Ciencias Humanas\"\n           href=\"https:\/\/medialab.unmsm.edu.pe\/multitec\/gallery\/facultad-de-letras-y-ciencias-humanas\/\">\n\n            <img width=\"550\" height=\"400\" src=\"https:\/\/medialab.unmsm.edu.pe\/multitec\/wp-content\/uploads\/2012\/05\/FacuLCH-550x400.jpg\" class=\"thumbnail wp-post-image\" alt=\"Facultad de Letras y Ciencias Humanas\" decoding=\"async\" loading=\"lazy\" title=\"Facultad de Letras y Ciencias Humanas\" \/>        <\/a>\n        <div class=\"image-info\">\n            <div class=\"entry-info\">\n                <h3 class=\"post-title\">\n                    <a title=\"Facultad de Letras y Ciencias Humanas\"\n                       href=\"https:\/\/medialab.unmsm.edu.pe\/multitec\/gallery\/facultad-de-letras-y-ciencias-humanas\/\">\n                        Facultad de Letras y Ciencias Humanas                    <\/a>\n                <\/h3>\n                <div class=\"terms\">\n                    <a href=\"https:\/\/medialab.unmsm.edu.pe\/multitec\/gallery_category\/facultad\/\" rel=\"tag\">Facultad<\/a>                <\/div>\n            <\/div>\n        <\/div>\n        <div class=\"image-overlay\"><\/div>\n    <\/div>\n\n\n                        <\/article><!-- .hentry -->\n\n                    <\/li><!--.showcase-item -->\n\n\n                                    <li data-id=\"id-13338\" class=\"showcase-item fourcol\">\n\n                        <article id=\"post-13338\" class=\"post-13338 gallery_item type-gallery_item status-publish has-post-thumbnail hentry gallery_category-facultad\">\n\n                            \n\n    <div class=\"image-area\">\n        <span class=\"image-info-buttons\">\n            <a class=\"lightbox-link\" data-gal=\"archive\"\n               title=\"Facultad de Educaci\u00f3n\"\n               href=\"https:\/\/medialab.unmsm.edu.pe\/multitec\/wp-content\/uploads\/2021\/08\/FacuEducacion.jpg\"><i\n                        class=\"lightbox icon-expand\"><\/i>\n            <\/a>\n        <\/span>\n        <a title=\"Facultad de Educaci\u00f3n\"\n           href=\"https:\/\/medialab.unmsm.edu.pe\/multitec\/gallery\/facultad-de-educacion\/\">\n\n            <img width=\"550\" height=\"400\" src=\"https:\/\/medialab.unmsm.edu.pe\/multitec\/wp-content\/uploads\/2021\/08\/FacuEducacion-550x400.jpg\" class=\"thumbnail wp-post-image\" alt=\"Facultad de Educaci\u00f3n\" decoding=\"async\" loading=\"lazy\" title=\"Facultad de Educaci\u00f3n\" \/>        <\/a>\n        <div class=\"image-info\">\n            <div class=\"entry-info\">\n                <h3 class=\"post-title\">\n                    <a title=\"Facultad de Educaci\u00f3n\"\n                       href=\"https:\/\/medialab.unmsm.edu.pe\/multitec\/gallery\/facultad-de-educacion\/\">\n                        Facultad de Educaci\u00f3n                    <\/a>\n                <\/h3>\n                <div class=\"terms\">\n                    <a href=\"https:\/\/medialab.unmsm.edu.pe\/multitec\/gallery_category\/facultad\/\" rel=\"tag\">Facultad<\/a>                <\/div>\n            <\/div>\n        <\/div>\n        <div class=\"image-overlay\"><\/div>\n    <\/div>\n\n\n                        <\/article><!-- .hentry -->\n\n                    <\/li><!--.showcase-item -->\n\n\n                                    <li data-id=\"id-13340\" class=\"showcase-item fourcol\">\n\n                        <article id=\"post-13340\" class=\"post-13340 gallery_item type-gallery_item status-publish has-post-thumbnail hentry gallery_category-facultad\">\n\n                            \n\n    <div class=\"image-area\">\n        <span class=\"image-info-buttons\">\n            <a class=\"lightbox-link\" data-gal=\"archive\"\n               title=\"Facultad de Ingenier\u00eda de Sistemas e Inform\u00e1tica\"\n               href=\"https:\/\/medialab.unmsm.edu.pe\/multitec\/wp-content\/uploads\/2021\/08\/sistemas2.jpg\"><i\n                        class=\"lightbox icon-expand\"><\/i>\n            <\/a>\n        <\/span>\n        <a title=\"Facultad de Ingenier\u00eda de Sistemas e Inform\u00e1tica\"\n           href=\"https:\/\/medialab.unmsm.edu.pe\/multitec\/gallery\/facultad-de-ingenieria-de-sistemas-e-informatica\/\">\n\n            <img width=\"550\" height=\"400\" src=\"https:\/\/medialab.unmsm.edu.pe\/multitec\/wp-content\/uploads\/2021\/08\/sistemas2-550x400.jpg\" class=\"thumbnail wp-post-image\" alt=\"Facultad de Ingenier\u00eda de Sistemas e Inform\u00e1tica\" decoding=\"async\" loading=\"lazy\" title=\"Facultad de Ingenier\u00eda de Sistemas e Inform\u00e1tica\" \/>        <\/a>\n        <div class=\"image-info\">\n            <div class=\"entry-info\">\n                <h3 class=\"post-title\">\n                    <a title=\"Facultad de Ingenier\u00eda de Sistemas e Inform\u00e1tica\"\n                       href=\"https:\/\/medialab.unmsm.edu.pe\/multitec\/gallery\/facultad-de-ingenieria-de-sistemas-e-informatica\/\">\n                        Facultad de Ingenier\u00eda de Sistemas e Inform\u00e1tica                    <\/a>\n                <\/h3>\n                <div class=\"terms\">\n                    <a href=\"https:\/\/medialab.unmsm.edu.pe\/multitec\/gallery_category\/facultad\/\" rel=\"tag\">Facultad<\/a>                <\/div>\n            <\/div>\n        <\/div>\n        <div class=\"image-overlay\"><\/div>\n    <\/div>\n\n\n                        <\/article><!-- .hentry -->\n\n                    <\/li><!--.showcase-item -->\n\n\n                \n            <\/ul><!-- .showcase-items -->\n\n        \n    <\/div><!-- .hfeed -->\n\n    \n<\/div><!-- .showcase-template --><\/div><\/div><\/div><\/div><\/div><div id=\"pg-12773-5\"  class=\"panel-grid panel-has-style\" ><div class=\"siteorigin-panels-stretch panel-row-style panel-row-style-for-12773-5\" data-stretch-type=\"full-stretched\" ><div id=\"pgc-12773-5-0\"  class=\"panel-grid-cell\" ><div id=\"panel-12773-5-0-0\" class=\"so-panel widget widget_mo-hero-section panel-first-child panel-last-child\" data-index=\"9\" ><div\n\t\t\t\n\t\t\tclass=\"so-widget-mo-hero-section so-widget-mo-hero-section-default-d75171398898-13340\"\n\t\t\t\n\t\t><div id=\"quote-banner\" data-parallax-speed=\"0.5\" class=\"segment clearfix slogan dark-bg parallax-background parallax-banner\"  style=\"background-image:url(https:\/\/medialab.unmsm.edu.pe\/multitec\/wp-content\/uploads\/2021\/08\/cdr-opaco.jpg); background-color:#333333;background-attachment:fixed;\"><div class=\"segment-content\"><blockquote>MultiTEC promueve y afianza la educaci\u00f3n superior inclusiva, equitativa y de calidad mediante oportunidades de aprendizaje durante toda la vida.<\/blockquote><\/div><\/div><!-- .segment--><\/div><\/div><\/div><\/div><\/div><div id=\"pg-12773-6\"  class=\"panel-grid panel-has-style\" ><div class=\"siteorigin-panels-stretch panel-row-style panel-row-style-for-12773-6\" data-stretch-type=\"full\" id=\"contact-us-section\" ><div id=\"pgc-12773-6-0\"  class=\"panel-grid-cell\" ><div id=\"panel-12773-6-0-0\" class=\"so-panel widget widget_siteorigin-panels-builder panel-first-child panel-last-child\" data-index=\"10\" ><div id=\"pl-w613f053ae87f0\"  class=\"panel-layout\" ><div id=\"pg-w613f053ae87f0-0\"  class=\"panel-grid panel-has-style\" ><div class=\"siteorigin-panels-stretch panel-row-style panel-row-style-for-w613f053ae87f0-0\" data-stretch-type=\"full-stretched\" ><div id=\"pgc-w613f053ae87f0-0-0\"  class=\"panel-grid-cell\" ><div id=\"panel-w613f053ae87f0-0-0-0\" class=\"so-panel widget widget_mo-hero-section panel-first-child panel-last-child\" data-index=\"0\" ><div\n\t\t\t\n\t\t\tclass=\"so-widget-mo-hero-section so-widget-mo-hero-section-default-d75171398898\"\n\t\t\t\n\t\t><div  data-parallax-speed=\"0.2\" class=\"segment clearfix dark-bg parallax-background parallax-banner\"  style=\"background-image:url(https:\/\/medialab.unmsm.edu.pe\/multitec\/wp-content\/uploads\/2021\/02\/flch-unmsm-copia.jpg); background-color:#333333;background-attachment:fixed;\"><div class=\"segment-content\"><div id=\"contact-details\" class=\"contact-info\">\n\n<div class=\"fourcol\">\n<h3 class=\"label\">Datos del contacto<\/h3>\nMedialab-UNMSM (FLCH)\n<br \/>\nCorreo: <a title=\"nit.medialab@unmsm.edu.pe\" href=\"mailto:nit.medialab@unmsm.edu.pe\">nit.medialab@unmsm.edu.pe<\/a>\n<br \/>\nUrl: <a href=\"https:\/\/medialab.unmsm.edu.pe\/\" target=\"_blank\" rel=\"noopener\">https:\/\/medialab.unmsm.edu.pe\/<\/a>\n\n<\/div>\n\n<div class=\"fourcol\">\n<h3 class=\"label\">Direcci\u00f3n<\/h3>\nDirecci\u00f3n: Av. Carlos Germ\u00e1n Amezaga #375\nCercado de Lima <br \/>\n<div class=\"map-responsive\">\n<iframe src=\"https:\/\/www.google.com\/maps\/embed?pb=!1m18!1m12!1m3!1d3281.003953408431!2d-77.08419015043823!3d-12.057741980098406!2m3!1f0!2f0!3f0!3m2!1i1024!2i768!4f13.1!3m3!1m2!1s0x9105c9470823c4f5%3A0xc528a60911019861!2sFacultad+de+Letras+y+Ciencias+Humanas+-+UNMSM!5e0!3m2!1ses!2spe!4v1566407183360!5m2!1ses!2spe\" width=\"350\" height=\"300\" frameborder=\"0\" style=\"border:0\" allowfullscreen=\"\"><\/iframe>\n<\/div>\n\n<\/div>\n\n<div class=\"fourcol last\">\n<h3 class=\"label\">Auspiciador del Proyecto \"MULTITEC\"<\/h3>\n<img src=\"https:\/\/medialab.unmsm.edu.pe\/multitec\/wp-content\/uploads\/2021\/08\/logo_vrip_footer-150x150-1.png\" alt=\"\" width=\"150\" height=\"150\" \/>\n\nCalle Germ\u00e1n Am\u00e9zaga N\u00b0 375.<br \/>\nEdificio Jorge Basadre 2\u00b0 piso<br \/>\nCiudad Universitaria, Lima 1.<br \/>\nvrip@unmsm.edu.pe\n\n<\/div><div class=\"clear\"><\/div>\n\n<\/div>\n\n<style>\n.map-responsive{\n    overflow:hidden;\n    padding-bottom:56.25%;\n    position:relative;\n    height:0;\n}\n.map-responsive iframe{\n    left:0;\n    top:0;\n    height:100%;\n    width:100%;\n    position:absolute;\n}\n<\/style><\/div><\/div><!-- .segment--><\/div><\/div><\/div><\/div><\/div><\/div><\/div><\/div><\/div><\/div><\/div>","protected":false},"excerpt":{"rendered":"<p>MultiTec \u00abMultidisciplinariedad de la Tecnolog\u00eda, Educaci\u00f3n y Comunicaci\u00f3n\u00bb<\/p>\n","protected":false},"author":1,"featured_media":0,"parent":0,"menu_order":0,"comment_status":"closed","ping_status":"closed","template":"template-1c.php","meta":[],"_links":{"self":[{"href":"https:\/\/medialab.unmsm.edu.pe\/multitec\/wp-json\/wp\/v2\/pages\/12773"}],"collection":[{"href":"https:\/\/medialab.unmsm.edu.pe\/multitec\/wp-json\/wp\/v2\/pages"}],"about":[{"href":"https:\/\/medialab.unmsm.edu.pe\/multitec\/wp-json\/wp\/v2\/types\/page"}],"author":[{"embeddable":true,"href":"https:\/\/medialab.unmsm.edu.pe\/multitec\/wp-json\/wp\/v2\/users\/1"}],"replies":[{"embeddable":true,"href":"https:\/\/medialab.unmsm.edu.pe\/multitec\/wp-json\/wp\/v2\/comments?post=12773"}],"version-history":[{"count":17,"href":"https:\/\/medialab.unmsm.edu.pe\/multitec\/wp-json\/wp\/v2\/pages\/12773\/revisions"}],"predecessor-version":[{"id":14059,"href":"https:\/\/medialab.unmsm.edu.pe\/multitec\/wp-json\/wp\/v2\/pages\/12773\/revisions\/14059"}],"wp:attachment":[{"href":"https:\/\/medialab.unmsm.edu.pe\/multitec\/wp-json\/wp\/v2\/media?parent=12773"}],"curies":[{"name":"wp","href":"https:\/\/api.w.org\/{rel}","templated":true}]}}