{"id":13345,"date":"2021-08-19T00:04:35","date_gmt":"2021-08-19T05:04:35","guid":{"rendered":"https:\/\/medialab.unmsm.edu.pe\/multitec\/?page_id=13345"},"modified":"2021-08-22T20:14:01","modified_gmt":"2021-08-23T01:14:01","slug":"descripcion","status":"publish","type":"page","link":"https:\/\/medialab.unmsm.edu.pe\/multitec\/descripcion\/","title":{"rendered":"DESCRIPCI\u00d3N"},"content":{"rendered":"<div id=\"pl-13345\"  class=\"panel-layout\" ><div id=\"pg-13345-0\"  class=\"panel-grid panel-no-style\" ><div id=\"pgc-13345-0-0\"  class=\"panel-grid-cell\" ><div id=\"panel-13345-0-0-0\" class=\"so-panel widget widget_mo-clearing-space panel-first-child\" data-index=\"0\" ><div\n\t\t\t\n\t\t\tclass=\"so-widget-mo-clearing-space so-widget-mo-clearing-space-default-d75171398898-13345\"\n\t\t\t\n\t\t><div style=\"clear:both; width:100%; height:20px\"><\/div><\/div><\/div><div id=\"panel-13345-0-0-1\" class=\"so-panel widget widget_sow-editor\" data-index=\"1\" ><div\n\t\t\t\n\t\t\tclass=\"so-widget-sow-editor so-widget-sow-editor-base\"\n\t\t\t\n\t\t><h3 class=\"widget-title\">DESCRIPCI\u00d3N<\/h3>\n<div class=\"siteorigin-widget-tinymce textwidget\">\n\t<p><span style=\"font-weight: 400;\">El proyecto MultiTEC <\/span><i><span style=\"font-weight: 400;\">(<\/span><\/i><i><span style=\"font-weight: 400;\">\u201cInnovaciones tecno-edu-comunicacionales para la optimizaci\u00f3n de ciberaprendizajes y aportes a la investigaci\u00f3n acad\u00e9mica en entornos urbanos y rurales del Per\u00fa\u201d) <\/span><\/i><span style=\"font-weight: 400;\">estudia y analiza las iniciativas docentes que se dan en las universidades con la impartici\u00f3n de clases a distancia as\u00ed como la actividad investigadora de los Centros de Desarrollo Regional (CDR) que no se detiene ante el impacto de pandemia mundial por Covid-19. MultiTEC profundiza en campos no investigados hasta ahora y, por tanto, resultan de gran novedad para avanzar en el acceso al conocimiento y ciberaprendizajes bajo novedosos modelos educativos metodol\u00f3gicos y tecnol\u00f3gicamente innovadores. Mantiene el foco en la innovaci\u00f3n tecno-edu-comunicacional con sinergias<\/span><span style=\"font-weight: 400;\"> derivadas de las prioridades<\/span> <span style=\"font-weight: 400;\">ODS (Objetivos de Desarrollo Sostenible) para la optimizaci\u00f3n de ciberaprendizajes e investigaci\u00f3n en la universidad peruana y en centros de desarrollo regional estableciendo, en primer lugar, <\/span><span style=\"font-weight: 400;\">un diagn\u00f3stico de la situaci\u00f3n que atraviesan los modelos educativos y los investigadores y, en segundo t\u00e9rmino, la propuesta de soluciones innovadoras tecnol\u00f3gicas (basadas en desarrollo de aplicaciones); de m\u00e9todos docentes de ense\u00f1anza online (con enfoques cooperativos y\/o colaborativos); y de dise\u00f1o de estrategias de comunicaci\u00f3n eficaz en la transmisi\u00f3n y transferencia de conocimiento a los colectivos implicados y al conjunto de docentes de la universidad peruana. El proyecto MultiTec se enmarca en la convocatoria \u201cPrograma de proyectos de investigaci\u00f3n multidisciplinarios COVID-19 para Grupos de Investigaci\u00f3n de la UNMSM\u201d, siendo esta propuesta una de las ganadoras de la mencionada convocatoria.<\/span><\/p>\n<\/div>\n<\/div><\/div><div id=\"panel-13345-0-0-2\" class=\"so-panel widget widget_mo-clearing-space panel-last-child\" data-index=\"2\" ><div\n\t\t\t\n\t\t\tclass=\"so-widget-mo-clearing-space so-widget-mo-clearing-space-default-d75171398898-13345\"\n\t\t\t\n\t\t><div style=\"clear:both; width:100%; height:50px\"><\/div><\/div><\/div><\/div><\/div><\/div>","protected":false},"excerpt":{"rendered":"<p>El proyecto MultiTEC (\u201cInnovaciones tecno-edu-comunicacionales para la optimizaci\u00f3n de ciberaprendizajes y aportes a la investigaci\u00f3n acad\u00e9mica en entornos urbanos y rurales del Per\u00fa\u201d) estudia y analiza las iniciativas docentes que se dan en las universidades con la impartici\u00f3n de clases a distancia as\u00ed como la actividad investigadora de los Centros de Desarrollo Regional (CDR) que [&hellip;]<\/p>\n","protected":false},"author":1,"featured_media":0,"parent":0,"menu_order":0,"comment_status":"closed","ping_status":"closed","template":"template-1c.php","meta":[],"_links":{"self":[{"href":"https:\/\/medialab.unmsm.edu.pe\/multitec\/wp-json\/wp\/v2\/pages\/13345"}],"collection":[{"href":"https:\/\/medialab.unmsm.edu.pe\/multitec\/wp-json\/wp\/v2\/pages"}],"about":[{"href":"https:\/\/medialab.unmsm.edu.pe\/multitec\/wp-json\/wp\/v2\/types\/page"}],"author":[{"embeddable":true,"href":"https:\/\/medialab.unmsm.edu.pe\/multitec\/wp-json\/wp\/v2\/users\/1"}],"replies":[{"embeddable":true,"href":"https:\/\/medialab.unmsm.edu.pe\/multitec\/wp-json\/wp\/v2\/comments?post=13345"}],"version-history":[{"count":0,"href":"https:\/\/medialab.unmsm.edu.pe\/multitec\/wp-json\/wp\/v2\/pages\/13345\/revisions"}],"wp:attachment":[{"href":"https:\/\/medialab.unmsm.edu.pe\/multitec\/wp-json\/wp\/v2\/media?parent=13345"}],"curies":[{"name":"wp","href":"https:\/\/api.w.org\/{rel}","templated":true}]}}