{"id":13353,"date":"2021-08-19T19:37:46","date_gmt":"2021-08-20T00:37:46","guid":{"rendered":"https:\/\/medialab.unmsm.edu.pe\/multitec\/?page_id=13353"},"modified":"2021-08-22T20:52:27","modified_gmt":"2021-08-23T01:52:27","slug":"metodologia","status":"publish","type":"page","link":"https:\/\/medialab.unmsm.edu.pe\/multitec\/metodologia\/","title":{"rendered":"METODOLOG\u00cdA"},"content":{"rendered":"<div id=\"pl-13353\"  class=\"panel-layout\" ><div id=\"pg-13353-0\"  class=\"panel-grid panel-no-style\" ><div id=\"pgc-13353-0-0\"  class=\"panel-grid-cell\" ><div id=\"panel-13353-0-0-0\" class=\"so-panel widget widget_mo-clearing-space panel-first-child\" data-index=\"0\" ><div\n\t\t\t\n\t\t\tclass=\"so-widget-mo-clearing-space so-widget-mo-clearing-space-default-d75171398898-13353\"\n\t\t\t\n\t\t><div style=\"clear:both; width:100%; height:50px\"><\/div><\/div><\/div><div id=\"panel-13353-0-0-1\" class=\"so-panel widget widget_sow-editor\" data-index=\"1\" ><div\n\t\t\t\n\t\t\tclass=\"so-widget-sow-editor so-widget-sow-editor-base\"\n\t\t\t\n\t\t><h3 class=\"widget-title\">METODOLOG\u00cdA<\/h3>\n<div class=\"siteorigin-widget-tinymce textwidget\">\n\t<p>El m\u00e9todo de investigaci\u00f3n de la propuesta MultiTEC se basa en el paradigma sociocr\u00edtico, con enfoque mixto y de tipo proyectivo hol\u00edstico. Una vez conocido el diagn\u00f3stico, se propone un modelo de innovaci\u00f3n de tipo tecno-edu-comunicacional que incida en nuevos m\u00e9todos docentes y pedag\u00f3gicos de perspectiva virtual; estrategias de comunicaci\u00f3n y dise\u00f1o, desarrollo y creaci\u00f3n de herramienta aplicativa para uso del profesor que permitir\u00e1 compartir recursos educativos con sus estudiantes en las sesiones de videoconferencia, medidas clave para la optimizaci\u00f3n de la docencia e investigaci\u00f3n en la plataforma de internet. La validaci\u00f3n del modelo de ense\u00f1anza virtual y de la herramienta de software ser\u00e1 de aplicaci\u00f3n en todo el Per\u00fa, primero, a trav\u00e9s de las unidades de coordinaci\u00f3n de los Centros de Desarrollo Regional (CDR) con los que cuenta la Universidad Nacional Mayor de San Marcos en: regi\u00f3n Lima\/Huaral; regi\u00f3n Junin\/sede Ivita Mantaro; regi\u00f3n Cusco\/sede Ivita Marangan\u00ed; regi\u00f3n Ucayali\/sede Ivita Pucallpa; regi\u00f3n Loreto\/sede Ivita Iquitos. Se propone la participaci\u00f3n de profesores-investigadores de cada CDR quienes lo aplicar\u00e1n en sus actividades locales.<\/p>\n<\/div>\n<\/div><\/div><div id=\"panel-13353-0-0-2\" class=\"so-panel widget widget_mo-clearing-space panel-last-child\" data-index=\"2\" ><div\n\t\t\t\n\t\t\tclass=\"so-widget-mo-clearing-space so-widget-mo-clearing-space-default-d75171398898-13353\"\n\t\t\t\n\t\t><div style=\"clear:both; width:100%; height:50px\"><\/div><\/div><\/div><\/div><\/div><\/div>","protected":false},"excerpt":{"rendered":"<p>El m\u00e9todo de investigaci\u00f3n de la propuesta MultiTEC se basa en el paradigma sociocr\u00edtico, con enfoque mixto y de tipo proyectivo hol\u00edstico. Una vez conocido el diagn\u00f3stico, se propone un modelo de innovaci\u00f3n de tipo tecno-edu-comunicacional que incida en nuevos m\u00e9todos docentes y pedag\u00f3gicos de perspectiva virtual; estrategias de comunicaci\u00f3n y dise\u00f1o, desarrollo y creaci\u00f3n [&hellip;]<\/p>\n","protected":false},"author":1,"featured_media":0,"parent":0,"menu_order":0,"comment_status":"closed","ping_status":"closed","template":"template-1c.php","meta":[],"_links":{"self":[{"href":"https:\/\/medialab.unmsm.edu.pe\/multitec\/wp-json\/wp\/v2\/pages\/13353"}],"collection":[{"href":"https:\/\/medialab.unmsm.edu.pe\/multitec\/wp-json\/wp\/v2\/pages"}],"about":[{"href":"https:\/\/medialab.unmsm.edu.pe\/multitec\/wp-json\/wp\/v2\/types\/page"}],"author":[{"embeddable":true,"href":"https:\/\/medialab.unmsm.edu.pe\/multitec\/wp-json\/wp\/v2\/users\/1"}],"replies":[{"embeddable":true,"href":"https:\/\/medialab.unmsm.edu.pe\/multitec\/wp-json\/wp\/v2\/comments?post=13353"}],"version-history":[{"count":0,"href":"https:\/\/medialab.unmsm.edu.pe\/multitec\/wp-json\/wp\/v2\/pages\/13353\/revisions"}],"wp:attachment":[{"href":"https:\/\/medialab.unmsm.edu.pe\/multitec\/wp-json\/wp\/v2\/media?parent=13353"}],"curies":[{"name":"wp","href":"https:\/\/api.w.org\/{rel}","templated":true}]}}