{"id":13355,"date":"2021-08-19T19:38:04","date_gmt":"2021-08-20T00:38:04","guid":{"rendered":"https:\/\/medialab.unmsm.edu.pe\/multitec\/?page_id=13355"},"modified":"2021-08-22T21:04:09","modified_gmt":"2021-08-23T02:04:09","slug":"justificacion","status":"publish","type":"page","link":"https:\/\/medialab.unmsm.edu.pe\/multitec\/justificacion\/","title":{"rendered":"JUSTIFICACI\u00d3N"},"content":{"rendered":"<div id=\"pl-13355\"  class=\"panel-layout\" ><div id=\"pg-13355-0\"  class=\"panel-grid panel-no-style\" ><div id=\"pgc-13355-0-0\"  class=\"panel-grid-cell\" ><div id=\"panel-13355-0-0-0\" class=\"so-panel widget widget_mo-clearing-space panel-first-child\" data-index=\"0\" ><div\n\t\t\t\n\t\t\tclass=\"so-widget-mo-clearing-space so-widget-mo-clearing-space-default-d75171398898-13355\"\n\t\t\t\n\t\t><div style=\"clear:both; width:100%; height:30px\"><\/div><\/div><\/div><div id=\"panel-13355-0-0-1\" class=\"so-panel widget widget_sow-editor\" data-index=\"1\" ><div\n\t\t\t\n\t\t\tclass=\"so-widget-sow-editor so-widget-sow-editor-base\"\n\t\t\t\n\t\t><h3 class=\"widget-title\">JUSTIFICACI\u00d3N<\/h3>\n<div class=\"siteorigin-widget-tinymce textwidget\">\n\t<p>La ense\u00f1anza a trav\u00e9s de plataformas virtuales que se hado en muchas universidades del mundo como una cuesti\u00f3n sobrevenida de la pandemia, es un escenario que justifica la necesidad de investigar, analizar, explorar y diagnosticar la ense\u00f1anza no presencial con el fin de redefinir radicalmente los objetivos de aprendizaje y su evaluaci\u00f3n. Consideramos, por ejemplo, que en lugar de evaluar con notas, en el contexto de crisis es m\u00e1s importante ayudar a los estudiantes a identificar sus fortalezas y debilidades y trabajar para superar sus problemas de aprendizaje. Dado que est\u00e1n m\u00e1s familiarizados con los medios digitales, los estudiantes pueden participar en la construcci\u00f3n de estas nuevas modalidades de evaluaci\u00f3n, las cuales deber\u00e1n incorporar la autoevaluaci\u00f3n y la evaluaci\u00f3n entre pares.<\/p>\n<p>En este contexto, se justifica el proyecto MultiTEC porque entre sus objetivos se propone el desarrollo y creaci\u00f3n de una herramienta de software (aplicativo) para el profesor lo que le permitir\u00e1 compartir recursos educativos con sus estudiantes durante el desarrollo de la videoconferencia. Ser\u00e1 utilizada por los docentes de la Universidad Nacional Mayor de San Marcos y por profesores de las universidades nacionales del Per\u00fa. Su descarga ser\u00e1 gratuita y libre para usos educativos y formativos. Esta justificaci\u00f3n tiene en consideraci\u00f3n que el desarrollo del proyecto est\u00e1 enmarcado en los ODS, principalmente, el ODS 4, que tiene como meta \u201clograr el acceso universal a una educaci\u00f3n superior de calidad\u201d lo que incluye a todo el sector p\u00fablico que en el Per\u00fa no ha recibido la atenci\u00f3n necesaria y que dicho sector requiere de apoyos para afrontar los desaf\u00edos que la pandemia trae consigo. <\/p>\n<\/div>\n<\/div><\/div><div id=\"panel-13355-0-0-2\" class=\"so-panel widget widget_mo-clearing-space panel-last-child\" data-index=\"2\" ><div\n\t\t\t\n\t\t\tclass=\"so-widget-mo-clearing-space so-widget-mo-clearing-space-default-d75171398898-13355\"\n\t\t\t\n\t\t><div style=\"clear:both; width:100%; height:50px\"><\/div><\/div><\/div><\/div><\/div><\/div>","protected":false},"excerpt":{"rendered":"<p>La ense\u00f1anza a trav\u00e9s de plataformas virtuales que se hado en muchas universidades del mundo como una cuesti\u00f3n sobrevenida de la pandemia, es un escenario que justifica la necesidad de investigar, analizar, explorar y diagnosticar la ense\u00f1anza no presencial con el fin de redefinir radicalmente los objetivos de aprendizaje y su evaluaci\u00f3n. Consideramos, por ejemplo, [&hellip;]<\/p>\n","protected":false},"author":1,"featured_media":0,"parent":0,"menu_order":0,"comment_status":"closed","ping_status":"closed","template":"template-1c.php","meta":[],"_links":{"self":[{"href":"https:\/\/medialab.unmsm.edu.pe\/multitec\/wp-json\/wp\/v2\/pages\/13355"}],"collection":[{"href":"https:\/\/medialab.unmsm.edu.pe\/multitec\/wp-json\/wp\/v2\/pages"}],"about":[{"href":"https:\/\/medialab.unmsm.edu.pe\/multitec\/wp-json\/wp\/v2\/types\/page"}],"author":[{"embeddable":true,"href":"https:\/\/medialab.unmsm.edu.pe\/multitec\/wp-json\/wp\/v2\/users\/1"}],"replies":[{"embeddable":true,"href":"https:\/\/medialab.unmsm.edu.pe\/multitec\/wp-json\/wp\/v2\/comments?post=13355"}],"version-history":[{"count":0,"href":"https:\/\/medialab.unmsm.edu.pe\/multitec\/wp-json\/wp\/v2\/pages\/13355\/revisions"}],"wp:attachment":[{"href":"https:\/\/medialab.unmsm.edu.pe\/multitec\/wp-json\/wp\/v2\/media?parent=13355"}],"curies":[{"name":"wp","href":"https:\/\/api.w.org\/{rel}","templated":true}]}}