{"id":13374,"date":"2021-08-19T20:01:42","date_gmt":"2021-08-20T01:01:42","guid":{"rendered":"https:\/\/medialab.unmsm.edu.pe\/multitec\/?page_id=13374"},"modified":"2021-09-13T02:22:14","modified_gmt":"2021-09-13T07:22:14","slug":"tesistas","status":"publish","type":"page","link":"https:\/\/medialab.unmsm.edu.pe\/multitec\/tesistas\/","title":{"rendered":"TESISTAS"},"content":{"rendered":"<div id=\"pl-13374\"  class=\"panel-layout\" ><div id=\"pg-13374-0\"  class=\"panel-grid panel-no-style\" ><div id=\"pgc-13374-0-0\"  class=\"panel-grid-cell\" ><div id=\"panel-13374-0-0-0\" class=\"so-panel widget widget_lsow-portfolio panel-first-child panel-last-child\" data-index=\"0\" ><div\n\t\t\t\n\t\t\tclass=\"so-widget-lsow-portfolio so-widget-lsow-portfolio-default-ae5bae1b7da3-13374\"\n\t\t\t\n\t\t><div class=\"lsow-portfolio-wrap lsow-gapless-grid\"><div id=\"lsow-portfolio-6a03aec5774fd\" class=\"lsow-portfolio js-isotope lsow-masonry lsow-grid-container  lsow-grid-desktop-1 lsow-grid-tablet-1 lsow-grid-mobile-1\" data-isotope-options='{ \"itemSelector\": \".lsow-portfolio-item\", \"layoutMode\": \"masonry\"}'><div data-id=\"id-13913\" class=\"lsow-grid-item lsow-portfolio-item  term-45\"><article id=\"post-13913\" class=\"post-13913 post type-post status-publish format-standard has-post-thumbnail hentry category-tesistas\"><div class=\"lsow-project-image\"><a href=\"https:\/\/medialab.unmsm.edu.pe\/multitec\/tesistas\/estrategias-del-plan-de-produccion-y-realizacion-audiovisual-la-televisacion-en-directo-de-los-juegos-panamericanos-lima-2019\/\" target=\"_self\"><img width=\"600\" height=\"400\" src=\"https:\/\/medialab.unmsm.edu.pe\/multitec\/wp-content\/uploads\/2021\/09\/panamericano.jpg\" class=\"lsow-image skip-lazy no-lazyload exclude-me a3-notlazy wp-post-image\" alt=\"\" decoding=\"async\" loading=\"eager\" data-no-lazy=\"1\" srcset=\"https:\/\/medialab.unmsm.edu.pe\/multitec\/wp-content\/uploads\/2021\/09\/panamericano.jpg 600w, https:\/\/medialab.unmsm.edu.pe\/multitec\/wp-content\/uploads\/2021\/09\/panamericano-300x200.jpg 300w, https:\/\/medialab.unmsm.edu.pe\/multitec\/wp-content\/uploads\/2021\/09\/panamericano-272x182.jpg 272w\" sizes=\"(max-width: 600px) 100vw, 600px\" \/><\/a><\/div><div class=\"lsow-entry-text-wrap \"><h3 class=\"entry-title\"><a href=\"https:\/\/medialab.unmsm.edu.pe\/multitec\/tesistas\/estrategias-del-plan-de-produccion-y-realizacion-audiovisual-la-televisacion-en-directo-de-los-juegos-panamericanos-lima-2019\/\" title=\"La televisaci\u00f3n en directo de los Juegos Panamericanos Lima 2019\" target=\"_self\" rel=\"bookmark\">La televisaci\u00f3n en directo de los Juegos Panamericanos Lima 2019<\/a><\/h3><div class=\"entry-summary\">Autor: Mauricio Vera Malpartida El presente trabajo es una investigaci\u00f3n descriptiva sobre modelos de producci\u00f3n audiovisual. Se trabaj\u00f3 en torno a las estrategias televisivas y se focaliz\u00f3 en la televisaci\u00f3n en directo. La muestra de estudio estuvo conformada por los modelos aplicados en las competencias de f\u00fatbol, nataci\u00f3n, baloncesto, gimnasia art\u00edstica y surf en los [&hellip;]<\/div><div class=\"lsow-read-more\"><a href=\"https:\/\/medialab.unmsm.edu.pe\/multitec\/tesistas\/estrategias-del-plan-de-produccion-y-realizacion-audiovisual-la-televisacion-en-directo-de-los-juegos-panamericanos-lima-2019\/\" target=\"_self\">Leer m\u00e1s<\/a><\/div><\/div><\/article><!-- .hentry --><\/div><\/div><!-- .lsow-portfolio --><\/div><!-- .lsow-portfolio-wrap --><\/div><\/div><\/div><\/div><\/div>","protected":false},"excerpt":{"rendered":"<p>La televisaci\u00f3n en directo de los Juegos Panamericanos Lima 2019Autor: Mauricio Vera Malpartida El presente trabajo es una investigaci\u00f3n descriptiva sobre modelos de producci\u00f3n audiovisual. Se trabaj\u00f3 en torno a las estrategias televisivas y se focaliz\u00f3 en la televisaci\u00f3n en directo. La muestra de estudio estuvo conformada por los modelos aplicados en las competencias de [&hellip;]<\/p>\n","protected":false},"author":1,"featured_media":0,"parent":0,"menu_order":0,"comment_status":"closed","ping_status":"closed","template":"","meta":[],"_links":{"self":[{"href":"https:\/\/medialab.unmsm.edu.pe\/multitec\/wp-json\/wp\/v2\/pages\/13374"}],"collection":[{"href":"https:\/\/medialab.unmsm.edu.pe\/multitec\/wp-json\/wp\/v2\/pages"}],"about":[{"href":"https:\/\/medialab.unmsm.edu.pe\/multitec\/wp-json\/wp\/v2\/types\/page"}],"author":[{"embeddable":true,"href":"https:\/\/medialab.unmsm.edu.pe\/multitec\/wp-json\/wp\/v2\/users\/1"}],"replies":[{"embeddable":true,"href":"https:\/\/medialab.unmsm.edu.pe\/multitec\/wp-json\/wp\/v2\/comments?post=13374"}],"version-history":[{"count":93,"href":"https:\/\/medialab.unmsm.edu.pe\/multitec\/wp-json\/wp\/v2\/pages\/13374\/revisions"}],"predecessor-version":[{"id":13917,"href":"https:\/\/medialab.unmsm.edu.pe\/multitec\/wp-json\/wp\/v2\/pages\/13374\/revisions\/13917"}],"wp:attachment":[{"href":"https:\/\/medialab.unmsm.edu.pe\/multitec\/wp-json\/wp\/v2\/media?parent=13374"}],"curies":[{"name":"wp","href":"https:\/\/api.w.org\/{rel}","templated":true}]}}