{"id":13381,"date":"2021-08-19T20:10:12","date_gmt":"2021-08-20T01:10:12","guid":{"rendered":"https:\/\/medialab.unmsm.edu.pe\/multitec\/?page_id=13381"},"modified":"2021-09-03T14:04:11","modified_gmt":"2021-09-03T19:04:11","slug":"podcasts","status":"publish","type":"page","link":"https:\/\/medialab.unmsm.edu.pe\/multitec\/podcasts\/","title":{"rendered":"PODCASTS"},"content":{"rendered":"<div id=\"pl-13381\"  class=\"panel-layout\" ><div id=\"pg-13381-0\"  class=\"panel-grid panel-has-style\" ><div class=\"panel-row-style panel-row-style-for-13381-0\" ><div id=\"pgc-13381-0-0\"  class=\"panel-grid-cell\" ><div id=\"panel-13381-0-0-0\" class=\"so-panel widget widget_sow-editor panel-first-child panel-last-child\" data-index=\"0\" ><div\n\t\t\t\n\t\t\tclass=\"so-widget-sow-editor so-widget-sow-editor-base\"\n\t\t\t\n\t\t><h3 class=\"widget-title\">\u201cMultiTec\u201d: nuevas esferas de la educaci\u00f3n<\/h3>\n<div class=\"siteorigin-widget-tinymce textwidget\">\n\t<p>En un pa\u00eds en el que seg\u00fan datos del INEI menos de 40% de los hogares tiene conexi\u00f3n a internet, sin embargo la educaci\u00f3n este a\u00f1o est\u00e1 siguiendo el modelo de no presencialidad. Todos los contenidos del proceso ense\u00f1anza \u2013 aprendizaje se intercambian mediante la tecnolog\u00eda digital.<br \/>\nTodo parece indicar que pasaremos de un enfoque de educaci\u00f3n remota de emergencia a un modelo educativo universitario en el que el sistema presencial y no presencial convivir\u00e1n. Y se tiene claro que no se tendr\u00e1 \u00e9xito si se intenta replicar los modelos educativos usados en el sistema presencial en el ejercicio educativo no presencial. Aumentar el porcentaje de usuarios de la red es un desaf\u00edo para el estado peruano.<\/p>\n<\/div>\n<\/div><\/div><\/div><div id=\"pgc-13381-0-1\"  class=\"panel-grid-cell\" ><div id=\"panel-13381-0-1-0\" class=\"so-panel widget widget_sow-image panel-first-child panel-last-child\" data-index=\"1\" ><div\n\t\t\t\n\t\t\tclass=\"so-widget-sow-image so-widget-sow-image-default-c67d20f9f743-13381\"\n\t\t\t\n\t\t>\n<div class=\"sow-image-container\">\n\t\t<img \n\tsrc=\"https:\/\/medialab.unmsm.edu.pe\/multitec\/wp-content\/uploads\/2021\/09\/conversa.jpg\" width=\"745\" height=\"441\" srcset=\"https:\/\/medialab.unmsm.edu.pe\/multitec\/wp-content\/uploads\/2021\/09\/conversa.jpg 745w, https:\/\/medialab.unmsm.edu.pe\/multitec\/wp-content\/uploads\/2021\/09\/conversa-300x178.jpg 300w\" sizes=\"(max-width: 745px) 100vw, 745px\" alt=\"\" loading=\"lazy\" \t\tclass=\"so-widget-image\"\/>\n\t<\/div>\n\n<\/div><\/div><\/div><\/div><\/div><div id=\"pg-13381-1\"  class=\"panel-grid panel-no-style\" ><div id=\"pgc-13381-1-0\"  class=\"panel-grid-cell\" ><div id=\"panel-13381-1-0-0\" class=\"so-panel widget widget_sow-editor panel-first-child panel-last-child\" data-index=\"2\" ><div\n\t\t\t\n\t\t\tclass=\"so-widget-sow-editor so-widget-sow-editor-base\"\n\t\t\t\n\t\t>\n<div class=\"siteorigin-widget-tinymce textwidget\">\n\t<p><iframe loading=\"lazy\" src=\"https:\/\/w.soundcloud.com\/player\/?url=https%3A\/\/api.soundcloud.com\/playlists\/1185482227&amp;color=%23ff5500&amp;auto_play=false&amp;hide_related=false&amp;show_comments=true&amp;show_user=true&amp;show_reposts=false&amp;show_teaser=true\" width=\"100%\" height=\"450\" frameborder=\"no\" scrolling=\"no\"><\/iframe><\/p>\n<div style=\"font-size: 10px; color: #cccccc; line-break: anywhere; word-break: normal; overflow: hidden; white-space: nowrap; text-overflow: ellipsis; font-family: Interstate,Lucida Grande,Lucida Sans Unicode,Lucida Sans,Garuda,Verdana,Tahoma,sans-serif; font-weight: 100;\"><a style=\"color: #cccccc; text-decoration: none;\" title=\"Medialab UNMSM\" href=\"https:\/\/soundcloud.com\/medialabunmsm\" target=\"_blank\" rel=\"noopener\">Medialab UNMSM<\/a> \u00b7 <a style=\"color: #cccccc; text-decoration: none;\" title=\"&quot;MultiTec-UNMSM&quot;: nuevo proyecto de MediaLab-UNMSM\" href=\"https:\/\/soundcloud.com\/medialabunmsm\/sets\/nuevo-proyecto-de-medialab-unmsm\" target=\"_blank\" rel=\"noopener\">\"MultiTec-UNMSM\": nuevo proyecto de MediaLab-UNMSM<\/a><\/div>\n<\/div>\n<\/div><\/div><\/div><\/div><\/div>","protected":false},"excerpt":{"rendered":"<p>En un pa\u00eds en el que seg\u00fan datos del INEI menos de 40% de los hogares tiene conexi\u00f3n a internet, sin embargo la educaci\u00f3n este a\u00f1o est\u00e1 siguiendo el modelo de no presencialidad. Todos los contenidos del proceso ense\u00f1anza \u2013 aprendizaje se intercambian mediante la tecnolog\u00eda digital. Todo parece indicar que pasaremos de un enfoque [&hellip;]<\/p>\n","protected":false},"author":1,"featured_media":0,"parent":0,"menu_order":0,"comment_status":"closed","ping_status":"closed","template":"template-1c.php","meta":[],"_links":{"self":[{"href":"https:\/\/medialab.unmsm.edu.pe\/multitec\/wp-json\/wp\/v2\/pages\/13381"}],"collection":[{"href":"https:\/\/medialab.unmsm.edu.pe\/multitec\/wp-json\/wp\/v2\/pages"}],"about":[{"href":"https:\/\/medialab.unmsm.edu.pe\/multitec\/wp-json\/wp\/v2\/types\/page"}],"author":[{"embeddable":true,"href":"https:\/\/medialab.unmsm.edu.pe\/multitec\/wp-json\/wp\/v2\/users\/1"}],"replies":[{"embeddable":true,"href":"https:\/\/medialab.unmsm.edu.pe\/multitec\/wp-json\/wp\/v2\/comments?post=13381"}],"version-history":[{"count":0,"href":"https:\/\/medialab.unmsm.edu.pe\/multitec\/wp-json\/wp\/v2\/pages\/13381\/revisions"}],"wp:attachment":[{"href":"https:\/\/medialab.unmsm.edu.pe\/multitec\/wp-json\/wp\/v2\/media?parent=13381"}],"curies":[{"name":"wp","href":"https:\/\/api.w.org\/{rel}","templated":true}]}}